{"id":305,"date":"2025-08-07T18:06:00","date_gmt":"2025-08-07T21:06:00","guid":{"rendered":"https:\/\/dscsitesdevelop.com.br\/dedetizadoraportal\/?page_id=305"},"modified":"2025-08-08T18:09:10","modified_gmt":"2025-08-08T21:09:10","slug":"limpeza-de-caixa-dagua","status":"publish","type":"page","link":"https:\/\/dscsitesdevelop.com.br\/dedetizadoraportal\/limpeza-de-caixa-dagua\/","title":{"rendered":"Limpeza de Caixa D&#8217;agua"},"content":{"rendered":"\t\t<div data-elementor-type=\"wp-page\" data-elementor-id=\"305\" class=\"elementor elementor-305\">\n\t\t\t\t\t\t<section class=\"elementor-section elementor-top-section elementor-element elementor-element-171e75d elementor-section-boxed elementor-section-height-default elementor-section-height-default\" data-id=\"171e75d\" data-element_type=\"section\" data-settings=\"{&quot;background_background&quot;:&quot;classic&quot;}\">\n\t\t\t\t\t\t\t<div class=\"elementor-background-overlay\"><\/div>\n\t\t\t\t\t\t\t<div class=\"elementor-container elementor-column-gap-default\">\n\t\t\t\t\t<div class=\"elementor-column elementor-col-50 elementor-top-column elementor-element elementor-element-422552c\" data-id=\"422552c\" data-element_type=\"column\">\n\t\t\t<div class=\"elementor-widget-wrap elementor-element-populated\">\n\t\t\t\t\t\t<div class=\"elementor-element elementor-element-1108290 elementor-widget elementor-widget-heading\" data-id=\"1108290\" data-element_type=\"widget\" data-widget_type=\"heading.default\">\n\t\t\t\t<div class=\"elementor-widget-container\">\n\t\t\t<h2 class=\"elementor-heading-title elementor-size-default\">Limpeza de Caixa D'agua<\/h2>\t\t<\/div>\n\t\t\t\t<\/div>\n\t\t\t\t\t<\/div>\n\t\t<\/div>\n\t\t\t\t<div class=\"elementor-column elementor-col-50 elementor-top-column elementor-element elementor-element-87e993d\" data-id=\"87e993d\" data-element_type=\"column\">\n\t\t\t<div class=\"elementor-widget-wrap elementor-element-populated\">\n\t\t\t\t\t\t<div class=\"elementor-element elementor-element-c2ac78d elementor-widget elementor-widget-image\" data-id=\"c2ac78d\" data-element_type=\"widget\" data-widget_type=\"image.default\">\n\t\t\t\t<div class=\"elementor-widget-container\">\n\t\t\t\t\t\t\t\t\t\t\t\t\t<img decoding=\"async\" width=\"286\" height=\"136\" src=\"https:\/\/dscsitesdevelop.com.br\/dedetizadoraportal\/wp-content\/uploads\/2025\/08\/logo-ddt-portal.png\" class=\"attachment-full size-full wp-image-38\" alt=\"\" \/>\t\t\t\t\t\t\t\t\t\t\t\t\t<\/div>\n\t\t\t\t<\/div>\n\t\t\t\t\t<\/div>\n\t\t<\/div>\n\t\t\t\t\t<\/div>\n\t\t<\/section>\n\t\t\t\t<section class=\"elementor-section elementor-top-section elementor-element elementor-element-8ee6dd6 elementor-section-boxed elementor-section-height-default elementor-section-height-default\" data-id=\"8ee6dd6\" data-element_type=\"section\">\n\t\t\t\t\t\t<div class=\"elementor-container elementor-column-gap-default\">\n\t\t\t\t\t<div class=\"elementor-column elementor-col-100 elementor-top-column elementor-element elementor-element-1b7ed0e\" data-id=\"1b7ed0e\" data-element_type=\"column\">\n\t\t\t<div class=\"elementor-widget-wrap elementor-element-populated\">\n\t\t\t\t\t\t<div class=\"elementor-element elementor-element-a895905 elementor-widget elementor-widget-text-editor\" data-id=\"a895905\" data-element_type=\"widget\" data-widget_type=\"text-editor.default\">\n\t\t\t\t<div class=\"elementor-widget-container\">\n\t\t\t\t\t\t\t<p>Quando n\u00e3o h\u00e1 uma manuten\u00e7\u00e3o regular da caixa d\u2019\u00e1gua surgem bact\u00e9rias e microrganismos que contaminam a \u00e1gua e prejudicam a sa\u00fade dos usu\u00e1rios.<\/p><p>O processo segue a ordem de esvaziamento da caixa, limpeza e higieniza\u00e7\u00e3o para remover totalmente res\u00edduos existentes para preservar a assepsia da \u00e1gua.<\/p><p>Para um resultado satisfat\u00f3rio, ela deve ser executada por uma empresa qualificada que exercer\u00e1 todo o processo com t\u00e9cnicas modernas e eficientes, mantendo as caracter\u00edsticas da \u00e1gua.<\/p><p>E para se certificar que ter\u00e1 uma \u00e1gua de qualidade, o servi\u00e7o deve ser realizado de 06 em 06 meses como recomenda\u00e7\u00e3o da vigil\u00e2ncia sanit\u00e1ria.<\/p>\t\t\t\t\t\t<\/div>\n\t\t\t\t<\/div>\n\t\t\t\t<section class=\"elementor-section elementor-inner-section elementor-element elementor-element-cf8accf elementor-section-boxed elementor-section-height-default elementor-section-height-default\" data-id=\"cf8accf\" data-element_type=\"section\">\n\t\t\t\t\t\t<div class=\"elementor-container elementor-column-gap-default\">\n\t\t\t\t\t<div class=\"elementor-column elementor-col-50 elementor-inner-column elementor-element elementor-element-51cc16e\" data-id=\"51cc16e\" data-element_type=\"column\">\n\t\t\t<div class=\"elementor-widget-wrap elementor-element-populated\">\n\t\t\t\t\t\t<div class=\"elementor-element elementor-element-24a2de2 elementor-widget elementor-widget-spacer\" data-id=\"24a2de2\" data-element_type=\"widget\" data-widget_type=\"spacer.default\">\n\t\t\t\t<div class=\"elementor-widget-container\">\n\t\t\t\t\t<div class=\"elementor-spacer\">\n\t\t\t<div class=\"elementor-spacer-inner\"><\/div>\n\t\t<\/div>\n\t\t\t\t<\/div>\n\t\t\t\t<\/div>\n\t\t\t\t\t<\/div>\n\t\t<\/div>\n\t\t\t\t<div class=\"elementor-column elementor-col-50 elementor-inner-column elementor-element elementor-element-4301d86\" data-id=\"4301d86\" data-element_type=\"column\">\n\t\t\t<div class=\"elementor-widget-wrap elementor-element-populated\">\n\t\t\t\t\t\t<div class=\"elementor-element elementor-element-f240c7e elementor-widget elementor-widget-spacer\" data-id=\"f240c7e\" data-element_type=\"widget\" data-widget_type=\"spacer.default\">\n\t\t\t\t<div class=\"elementor-widget-container\">\n\t\t\t\t\t<div class=\"elementor-spacer\">\n\t\t\t<div class=\"elementor-spacer-inner\"><\/div>\n\t\t<\/div>\n\t\t\t\t<\/div>\n\t\t\t\t<\/div>\n\t\t\t\t\t<\/div>\n\t\t<\/div>\n\t\t\t\t\t<\/div>\n\t\t<\/section>\n\t\t\t\t\t<\/div>\n\t\t<\/div>\n\t\t\t\t\t<\/div>\n\t\t<\/section>\n\t\t\t\t<section class=\"elementor-section elementor-top-section elementor-element elementor-element-f56a19f elementor-section-boxed elementor-section-height-default elementor-section-height-default\" data-id=\"f56a19f\" data-element_type=\"section\" data-settings=\"{&quot;background_background&quot;:&quot;classic&quot;}\">\n\t\t\t\t\t\t<div class=\"elementor-container elementor-column-gap-default\">\n\t\t\t\t\t<div class=\"elementor-column elementor-col-100 elementor-top-column elementor-element elementor-element-e6061a4\" data-id=\"e6061a4\" data-element_type=\"column\">\n\t\t\t<div class=\"elementor-widget-wrap elementor-element-populated\">\n\t\t\t\t\t\t<div class=\"elementor-element elementor-element-4f7086b elementor-widget elementor-widget-heading\" data-id=\"4f7086b\" data-element_type=\"widget\" data-widget_type=\"heading.default\">\n\t\t\t\t<div class=\"elementor-widget-container\">\n\t\t\t<h2 class=\"elementor-heading-title elementor-size-default\">Servi\u00e7os Inclusos<\/h2>\t\t<\/div>\n\t\t\t\t<\/div>\n\t\t\t\t<div class=\"elementor-element elementor-element-5b6ba1e elementor-icon-list--layout-traditional elementor-list-item-link-full_width elementor-widget elementor-widget-icon-list\" data-id=\"5b6ba1e\" data-element_type=\"widget\" data-widget_type=\"icon-list.default\">\n\t\t\t\t<div class=\"elementor-widget-container\">\n\t\t\t\t\t<ul class=\"elementor-icon-list-items\">\n\t\t\t\t\t\t\t<li class=\"elementor-icon-list-item\">\n\t\t\t\t\t\t\t\t\t\t\t<span class=\"elementor-icon-list-icon\">\n\t\t\t\t\t\t\t<i aria-hidden=\"true\" class=\"fas fa-check-square\"><\/i>\t\t\t\t\t\t<\/span>\n\t\t\t\t\t\t\t\t\t\t<span class=\"elementor-icon-list-text\">Remo\u00e7\u00e3o do biofilme (estrutura biol\u00f3gica de bact\u00e9rias)<\/span>\n\t\t\t\t\t\t\t\t\t<\/li>\n\t\t\t\t\t\t\t\t<li class=\"elementor-icon-list-item\">\n\t\t\t\t\t\t\t\t\t\t\t<span class=\"elementor-icon-list-icon\">\n\t\t\t\t\t\t\t<i aria-hidden=\"true\" class=\"fas fa-check-square\"><\/i>\t\t\t\t\t\t<\/span>\n\t\t\t\t\t\t\t\t\t\t<span class=\"elementor-icon-list-text\">Descarte do material removido em local pr\u00f3prio ao recebimento deste tipo de res\u00edduo<\/span>\n\t\t\t\t\t\t\t\t\t<\/li>\n\t\t\t\t\t\t\t\t<li class=\"elementor-icon-list-item\">\n\t\t\t\t\t\t\t\t\t\t\t<span class=\"elementor-icon-list-icon\">\n\t\t\t\t\t\t\t<i aria-hidden=\"true\" class=\"fas fa-check-square\"><\/i>\t\t\t\t\t\t<\/span>\n\t\t\t\t\t\t\t\t\t\t<span class=\"elementor-icon-list-text\">Aplica\u00e7\u00e3o de produto adequado para manter assepsia da \u00e1gua.<\/span>\n\t\t\t\t\t\t\t\t\t<\/li>\n\t\t\t\t\t\t<\/ul>\n\t\t\t\t<\/div>\n\t\t\t\t<\/div>\n\t\t\t\t\t<\/div>\n\t\t<\/div>\n\t\t\t\t\t<\/div>\n\t\t<\/section>\n\t\t\t\t<section class=\"elementor-section elementor-top-section elementor-element elementor-element-57853a6 elementor-section-boxed elementor-section-height-default elementor-section-height-default\" data-id=\"57853a6\" data-element_type=\"section\">\n\t\t\t\t\t\t<div class=\"elementor-container elementor-column-gap-default\">\n\t\t\t\t\t<div class=\"elementor-column elementor-col-100 elementor-top-column elementor-element elementor-element-9bae3a3\" data-id=\"9bae3a3\" data-element_type=\"column\">\n\t\t\t<div class=\"elementor-widget-wrap elementor-element-populated\">\n\t\t\t\t\t\t<div class=\"elementor-element elementor-element-458ec71 elementor-widget elementor-widget-heading\" data-id=\"458ec71\" data-element_type=\"widget\" data-widget_type=\"heading.default\">\n\t\t\t\t<div class=\"elementor-widget-container\">\n\t\t\t<h2 class=\"elementor-heading-title elementor-size-default\">Entre em Contato<\/h2>\t\t<\/div>\n\t\t\t\t<\/div>\n\t\t\t\t<div class=\"elementor-element elementor-element-449b123 elementor-button-align-stretch elementor-widget elementor-widget-form\" data-id=\"449b123\" data-element_type=\"widget\" data-settings=\"{&quot;step_next_label&quot;:&quot;Next&quot;,&quot;step_previous_label&quot;:&quot;Previous&quot;,&quot;button_width&quot;:&quot;100&quot;,&quot;step_type&quot;:&quot;number_text&quot;,&quot;step_icon_shape&quot;:&quot;circle&quot;}\" data-widget_type=\"form.default\">\n\t\t\t\t<div class=\"elementor-widget-container\">\n\t\t\t\t\t<form class=\"elementor-form\" method=\"post\" name=\"New Form\">\n\t\t\t<input type=\"hidden\" name=\"post_id\" value=\"305\"\/>\n\t\t\t<input type=\"hidden\" name=\"form_id\" value=\"449b123\"\/>\n\t\t\t<input type=\"hidden\" name=\"referer_title\" value=\"Dedetizadora Portal\" \/>\n\n\t\t\t\n\t\t\t<div class=\"elementor-form-fields-wrapper elementor-labels-above\">\n\t\t\t\t\t\t\t\t<div class=\"elementor-field-type-text elementor-field-group elementor-column elementor-field-group-1 elementor-col-100 elementor-field-required\">\n\t\t\t\t\t\t\t\t\t\t\t\t\t<input size=\"1\" type=\"text\" name=\"form_fields[1]\" id=\"form-field-1\" class=\"elementor-field elementor-size-sm  elementor-field-textual\" placeholder=\"Nome\" required=\"required\" aria-required=\"true\">\n\t\t\t\t\t\t\t\t\t\t\t<\/div>\n\t\t\t\t\t\t\t\t<div class=\"elementor-field-type-email elementor-field-group elementor-column elementor-field-group-2 elementor-col-50 elementor-field-required\">\n\t\t\t\t\t\t\t\t\t\t\t\t\t<input size=\"1\" type=\"email\" name=\"form_fields[2]\" id=\"form-field-2\" class=\"elementor-field elementor-size-sm  elementor-field-textual\" placeholder=\"E-mail\" required=\"required\" aria-required=\"true\">\n\t\t\t\t\t\t\t\t\t\t\t<\/div>\n\t\t\t\t\t\t\t\t<div class=\"elementor-field-type-tel elementor-field-group elementor-column elementor-field-group-3 elementor-col-50 elementor-field-required\">\n\t\t\t\t\t\t\t<input size=\"1\" type=\"tel\" name=\"form_fields[3]\" id=\"form-field-3\" class=\"elementor-field elementor-size-sm  elementor-field-textual\" placeholder=\"WhatsApp\" required=\"required\" aria-required=\"true\" pattern=\"[0-9()#&amp;+*-=.]+\" title=\"Only numbers and phone characters (#, -, *, etc) are accepted.\">\n\n\t\t\t\t\t\t<\/div>\n\t\t\t\t\t\t\t\t<div class=\"elementor-field-type-textarea elementor-field-group elementor-column elementor-field-group-5 elementor-col-100\">\n\t\t\t\t\t<textarea class=\"elementor-field-textual elementor-field  elementor-size-sm\" name=\"form_fields[5]\" id=\"form-field-5\" rows=\"4\" placeholder=\"Mensagen\"><\/textarea>\t\t\t\t<\/div>\n\t\t\t\t\t\t\t\t<div class=\"elementor-field-group elementor-column elementor-field-type-submit elementor-col-100 e-form__buttons\">\n\t\t\t\t\t<button type=\"submit\" class=\"elementor-button elementor-size-sm\">\n\t\t\t\t\t\t<span >\n\t\t\t\t\t\t\t\t\t\t\t\t\t\t\t<span class=\" elementor-button-icon\">\n\t\t\t\t\t\t\t\t\t\t\t\t\t\t\t\t\t\t\t\t\t\t\t\t\t\t<\/span>\n\t\t\t\t\t\t\t\t\t\t\t\t\t\t\t\t\t\t\t\t\t\t<span class=\"elementor-button-text\">Enviar<\/span>\n\t\t\t\t\t\t\t\t\t\t\t\t\t<\/span>\n\t\t\t\t\t<\/button>\n\t\t\t\t<\/div>\n\t\t\t<\/div>\n\t\t<\/form>\n\t\t\t\t<\/div>\n\t\t\t\t<\/div>\n\t\t\t\t\t<\/div>\n\t\t<\/div>\n\t\t\t\t\t<\/div>\n\t\t<\/section>\n\t\t\t\t<\/div>\n\t\t","protected":false},"excerpt":{"rendered":"<p>Limpeza de Caixa D&#8217;agua Quando n\u00e3o h\u00e1 uma manuten\u00e7\u00e3o regular da caixa d\u2019\u00e1gua surgem bact\u00e9rias e microrganismos que contaminam a \u00e1gua e prejudicam a sa\u00fade dos usu\u00e1rios. O processo segue a ordem de esvaziamento da caixa, limpeza e higieniza\u00e7\u00e3o para remover totalmente res\u00edduos existentes para preservar a assepsia da \u00e1gua. Para um resultado satisfat\u00f3rio, ela [&hellip;]<\/p>\n","protected":false},"author":1,"featured_media":0,"parent":0,"menu_order":0,"comment_status":"closed","ping_status":"closed","template":"","meta":{"_joinchat":[],"footnotes":""},"class_list":["post-305","page","type-page","status-publish","hentry"],"yoast_head":"<!-- This site is optimized with the Yoast SEO plugin v24.0 - https:\/\/yoast.com\/wordpress\/plugins\/seo\/ -->\n<title>Limpeza de Caixa D&#039;agua - Dedetizadora Portal<\/title>\n<meta name=\"robots\" content=\"index, follow, max-snippet:-1, max-image-preview:large, max-video-preview:-1\" \/>\n<link rel=\"canonical\" href=\"https:\/\/dscsitesdevelop.com.br\/dedetizadoraportal\/limpeza-de-caixa-dagua\/\" \/>\n<meta property=\"og:locale\" content=\"pt_BR\" \/>\n<meta property=\"og:type\" content=\"article\" \/>\n<meta property=\"og:title\" content=\"Limpeza de Caixa D&#039;agua - Dedetizadora Portal\" \/>\n<meta property=\"og:description\" content=\"Limpeza de Caixa D&#8217;agua Quando n\u00e3o h\u00e1 uma manuten\u00e7\u00e3o regular da caixa d\u2019\u00e1gua surgem bact\u00e9rias e microrganismos que contaminam a \u00e1gua e prejudicam a sa\u00fade dos usu\u00e1rios. O processo segue a ordem de esvaziamento da caixa, limpeza e higieniza\u00e7\u00e3o para remover totalmente res\u00edduos existentes para preservar a assepsia da \u00e1gua. Para um resultado satisfat\u00f3rio, ela [&hellip;]\" \/>\n<meta property=\"og:url\" content=\"https:\/\/dscsitesdevelop.com.br\/dedetizadoraportal\/limpeza-de-caixa-dagua\/\" \/>\n<meta property=\"og:site_name\" content=\"Dedetizadora Portal\" \/>\n<meta property=\"article:modified_time\" content=\"2025-08-08T21:09:10+00:00\" \/>\n<meta property=\"og:image\" content=\"https:\/\/dscsitesdevelop.com.br\/dedetizadoraportal\/wp-content\/uploads\/2025\/08\/logo-ddt-portal.png\" \/>\n\t<meta property=\"og:image:width\" content=\"286\" \/>\n\t<meta property=\"og:image:height\" content=\"136\" \/>\n\t<meta property=\"og:image:type\" content=\"image\/png\" \/>\n<meta name=\"twitter:card\" content=\"summary_large_image\" \/>\n<meta name=\"twitter:label1\" content=\"Est. tempo de leitura\" \/>\n\t<meta name=\"twitter:data1\" content=\"1 minuto\" \/>\n<script type=\"application\/ld+json\" class=\"yoast-schema-graph\">{\"@context\":\"https:\/\/schema.org\",\"@graph\":[{\"@type\":\"WebPage\",\"@id\":\"https:\/\/dscsitesdevelop.com.br\/dedetizadoraportal\/limpeza-de-caixa-dagua\/\",\"url\":\"https:\/\/dscsitesdevelop.com.br\/dedetizadoraportal\/limpeza-de-caixa-dagua\/\",\"name\":\"Limpeza de Caixa D'agua - Dedetizadora Portal\",\"isPartOf\":{\"@id\":\"https:\/\/dscsitesdevelop.com.br\/dedetizadoraportal\/#website\"},\"primaryImageOfPage\":{\"@id\":\"https:\/\/dscsitesdevelop.com.br\/dedetizadoraportal\/limpeza-de-caixa-dagua\/#primaryimage\"},\"image\":{\"@id\":\"https:\/\/dscsitesdevelop.com.br\/dedetizadoraportal\/limpeza-de-caixa-dagua\/#primaryimage\"},\"thumbnailUrl\":\"https:\/\/dscsitesdevelop.com.br\/dedetizadoraportal\/wp-content\/uploads\/2025\/08\/logo-ddt-portal.png\",\"datePublished\":\"2025-08-07T21:06:00+00:00\",\"dateModified\":\"2025-08-08T21:09:10+00:00\",\"breadcrumb\":{\"@id\":\"https:\/\/dscsitesdevelop.com.br\/dedetizadoraportal\/limpeza-de-caixa-dagua\/#breadcrumb\"},\"inLanguage\":\"pt-BR\",\"potentialAction\":[{\"@type\":\"ReadAction\",\"target\":[\"https:\/\/dscsitesdevelop.com.br\/dedetizadoraportal\/limpeza-de-caixa-dagua\/\"]}]},{\"@type\":\"ImageObject\",\"inLanguage\":\"pt-BR\",\"@id\":\"https:\/\/dscsitesdevelop.com.br\/dedetizadoraportal\/limpeza-de-caixa-dagua\/#primaryimage\",\"url\":\"https:\/\/dscsitesdevelop.com.br\/dedetizadoraportal\/wp-content\/uploads\/2025\/08\/logo-ddt-portal.png\",\"contentUrl\":\"https:\/\/dscsitesdevelop.com.br\/dedetizadoraportal\/wp-content\/uploads\/2025\/08\/logo-ddt-portal.png\",\"width\":286,\"height\":136},{\"@type\":\"BreadcrumbList\",\"@id\":\"https:\/\/dscsitesdevelop.com.br\/dedetizadoraportal\/limpeza-de-caixa-dagua\/#breadcrumb\",\"itemListElement\":[{\"@type\":\"ListItem\",\"position\":1,\"name\":\"Home\",\"item\":\"https:\/\/dscsitesdevelop.com.br\/dedetizadoraportal\/\"},{\"@type\":\"ListItem\",\"position\":2,\"name\":\"Limpeza de Caixa D&#8217;agua\"}]},{\"@type\":\"WebSite\",\"@id\":\"https:\/\/dscsitesdevelop.com.br\/dedetizadoraportal\/#website\",\"url\":\"https:\/\/dscsitesdevelop.com.br\/dedetizadoraportal\/\",\"name\":\"Dedetizadora Portal\",\"description\":\"Colsutoria e Controle de Pragas\",\"potentialAction\":[{\"@type\":\"SearchAction\",\"target\":{\"@type\":\"EntryPoint\",\"urlTemplate\":\"https:\/\/dscsitesdevelop.com.br\/dedetizadoraportal\/?s={search_term_string}\"},\"query-input\":{\"@type\":\"PropertyValueSpecification\",\"valueRequired\":true,\"valueName\":\"search_term_string\"}}],\"inLanguage\":\"pt-BR\"}]}<\/script>\n<!-- \/ Yoast SEO plugin. -->","yoast_head_json":{"title":"Limpeza de Caixa D'agua - Dedetizadora Portal","robots":{"index":"index","follow":"follow","max-snippet":"max-snippet:-1","max-image-preview":"max-image-preview:large","max-video-preview":"max-video-preview:-1"},"canonical":"https:\/\/dscsitesdevelop.com.br\/dedetizadoraportal\/limpeza-de-caixa-dagua\/","og_locale":"pt_BR","og_type":"article","og_title":"Limpeza de Caixa D'agua - Dedetizadora Portal","og_description":"Limpeza de Caixa D&#8217;agua Quando n\u00e3o h\u00e1 uma manuten\u00e7\u00e3o regular da caixa d\u2019\u00e1gua surgem bact\u00e9rias e microrganismos que contaminam a \u00e1gua e prejudicam a sa\u00fade dos usu\u00e1rios. O processo segue a ordem de esvaziamento da caixa, limpeza e higieniza\u00e7\u00e3o para remover totalmente res\u00edduos existentes para preservar a assepsia da \u00e1gua. Para um resultado satisfat\u00f3rio, ela [&hellip;]","og_url":"https:\/\/dscsitesdevelop.com.br\/dedetizadoraportal\/limpeza-de-caixa-dagua\/","og_site_name":"Dedetizadora Portal","article_modified_time":"2025-08-08T21:09:10+00:00","og_image":[{"width":286,"height":136,"url":"https:\/\/dscsitesdevelop.com.br\/dedetizadoraportal\/wp-content\/uploads\/2025\/08\/logo-ddt-portal.png","type":"image\/png"}],"twitter_card":"summary_large_image","twitter_misc":{"Est. tempo de leitura":"1 minuto"},"schema":{"@context":"https:\/\/schema.org","@graph":[{"@type":"WebPage","@id":"https:\/\/dscsitesdevelop.com.br\/dedetizadoraportal\/limpeza-de-caixa-dagua\/","url":"https:\/\/dscsitesdevelop.com.br\/dedetizadoraportal\/limpeza-de-caixa-dagua\/","name":"Limpeza de Caixa D'agua - Dedetizadora Portal","isPartOf":{"@id":"https:\/\/dscsitesdevelop.com.br\/dedetizadoraportal\/#website"},"primaryImageOfPage":{"@id":"https:\/\/dscsitesdevelop.com.br\/dedetizadoraportal\/limpeza-de-caixa-dagua\/#primaryimage"},"image":{"@id":"https:\/\/dscsitesdevelop.com.br\/dedetizadoraportal\/limpeza-de-caixa-dagua\/#primaryimage"},"thumbnailUrl":"https:\/\/dscsitesdevelop.com.br\/dedetizadoraportal\/wp-content\/uploads\/2025\/08\/logo-ddt-portal.png","datePublished":"2025-08-07T21:06:00+00:00","dateModified":"2025-08-08T21:09:10+00:00","breadcrumb":{"@id":"https:\/\/dscsitesdevelop.com.br\/dedetizadoraportal\/limpeza-de-caixa-dagua\/#breadcrumb"},"inLanguage":"pt-BR","potentialAction":[{"@type":"ReadAction","target":["https:\/\/dscsitesdevelop.com.br\/dedetizadoraportal\/limpeza-de-caixa-dagua\/"]}]},{"@type":"ImageObject","inLanguage":"pt-BR","@id":"https:\/\/dscsitesdevelop.com.br\/dedetizadoraportal\/limpeza-de-caixa-dagua\/#primaryimage","url":"https:\/\/dscsitesdevelop.com.br\/dedetizadoraportal\/wp-content\/uploads\/2025\/08\/logo-ddt-portal.png","contentUrl":"https:\/\/dscsitesdevelop.com.br\/dedetizadoraportal\/wp-content\/uploads\/2025\/08\/logo-ddt-portal.png","width":286,"height":136},{"@type":"BreadcrumbList","@id":"https:\/\/dscsitesdevelop.com.br\/dedetizadoraportal\/limpeza-de-caixa-dagua\/#breadcrumb","itemListElement":[{"@type":"ListItem","position":1,"name":"Home","item":"https:\/\/dscsitesdevelop.com.br\/dedetizadoraportal\/"},{"@type":"ListItem","position":2,"name":"Limpeza de Caixa D&#8217;agua"}]},{"@type":"WebSite","@id":"https:\/\/dscsitesdevelop.com.br\/dedetizadoraportal\/#website","url":"https:\/\/dscsitesdevelop.com.br\/dedetizadoraportal\/","name":"Dedetizadora Portal","description":"Colsutoria e Controle de Pragas","potentialAction":[{"@type":"SearchAction","target":{"@type":"EntryPoint","urlTemplate":"https:\/\/dscsitesdevelop.com.br\/dedetizadoraportal\/?s={search_term_string}"},"query-input":{"@type":"PropertyValueSpecification","valueRequired":true,"valueName":"search_term_string"}}],"inLanguage":"pt-BR"}]}},"_links":{"self":[{"href":"https:\/\/dscsitesdevelop.com.br\/dedetizadoraportal\/wp-json\/wp\/v2\/pages\/305","targetHints":{"allow":["GET"]}}],"collection":[{"href":"https:\/\/dscsitesdevelop.com.br\/dedetizadoraportal\/wp-json\/wp\/v2\/pages"}],"about":[{"href":"https:\/\/dscsitesdevelop.com.br\/dedetizadoraportal\/wp-json\/wp\/v2\/types\/page"}],"author":[{"embeddable":true,"href":"https:\/\/dscsitesdevelop.com.br\/dedetizadoraportal\/wp-json\/wp\/v2\/users\/1"}],"replies":[{"embeddable":true,"href":"https:\/\/dscsitesdevelop.com.br\/dedetizadoraportal\/wp-json\/wp\/v2\/comments?post=305"}],"version-history":[{"count":19,"href":"https:\/\/dscsitesdevelop.com.br\/dedetizadoraportal\/wp-json\/wp\/v2\/pages\/305\/revisions"}],"predecessor-version":[{"id":530,"href":"https:\/\/dscsitesdevelop.com.br\/dedetizadoraportal\/wp-json\/wp\/v2\/pages\/305\/revisions\/530"}],"wp:attachment":[{"href":"https:\/\/dscsitesdevelop.com.br\/dedetizadoraportal\/wp-json\/wp\/v2\/media?parent=305"}],"curies":[{"name":"wp","href":"https:\/\/api.w.org\/{rel}","templated":true}]}}