{"id":271,"date":"2025-08-07T17:58:16","date_gmt":"2025-08-07T20:58:16","guid":{"rendered":"https:\/\/dscsitesdevelop.com.br\/dedetizadoraportal\/?page_id=271"},"modified":"2025-08-08T18:05:35","modified_gmt":"2025-08-08T21:05:35","slug":"controle-de-aracnideos","status":"publish","type":"page","link":"https:\/\/dscsitesdevelop.com.br\/dedetizadoraportal\/controle-de-aracnideos\/","title":{"rendered":"Controle de Aracn\u00eddeos"},"content":{"rendered":"\t\t<div data-elementor-type=\"wp-page\" data-elementor-id=\"271\" class=\"elementor elementor-271\">\n\t\t\t\t\t\t<section class=\"elementor-section elementor-top-section elementor-element elementor-element-7cf9568 elementor-section-boxed elementor-section-height-default elementor-section-height-default\" data-id=\"7cf9568\" data-element_type=\"section\" data-settings=\"{&quot;background_background&quot;:&quot;classic&quot;}\">\n\t\t\t\t\t\t\t<div class=\"elementor-background-overlay\"><\/div>\n\t\t\t\t\t\t\t<div class=\"elementor-container elementor-column-gap-default\">\n\t\t\t\t\t<div class=\"elementor-column elementor-col-50 elementor-top-column elementor-element elementor-element-8d139ff\" data-id=\"8d139ff\" data-element_type=\"column\">\n\t\t\t<div class=\"elementor-widget-wrap elementor-element-populated\">\n\t\t\t\t\t\t<div class=\"elementor-element elementor-element-1108290 elementor-widget elementor-widget-heading\" data-id=\"1108290\" data-element_type=\"widget\" data-widget_type=\"heading.default\">\n\t\t\t\t<div class=\"elementor-widget-container\">\n\t\t\t<h2 class=\"elementor-heading-title elementor-size-default\">Controle de Aracn\u00eddeos\n<\/h2>\t\t<\/div>\n\t\t\t\t<\/div>\n\t\t\t\t\t<\/div>\n\t\t<\/div>\n\t\t\t\t<div class=\"elementor-column elementor-col-50 elementor-top-column elementor-element elementor-element-21d31c8\" data-id=\"21d31c8\" data-element_type=\"column\">\n\t\t\t<div class=\"elementor-widget-wrap elementor-element-populated\">\n\t\t\t\t\t\t<div class=\"elementor-element elementor-element-0d678f8 elementor-widget elementor-widget-image\" data-id=\"0d678f8\" data-element_type=\"widget\" data-widget_type=\"image.default\">\n\t\t\t\t<div class=\"elementor-widget-container\">\n\t\t\t\t\t\t\t\t\t\t\t\t\t<img decoding=\"async\" width=\"286\" height=\"136\" src=\"https:\/\/dscsitesdevelop.com.br\/dedetizadoraportal\/wp-content\/uploads\/2025\/08\/logo-ddt-portal.png\" class=\"attachment-full size-full wp-image-38\" alt=\"\" \/>\t\t\t\t\t\t\t\t\t\t\t\t\t<\/div>\n\t\t\t\t<\/div>\n\t\t\t\t\t<\/div>\n\t\t<\/div>\n\t\t\t\t\t<\/div>\n\t\t<\/section>\n\t\t\t\t<section class=\"elementor-section elementor-top-section elementor-element elementor-element-8ee6dd6 elementor-section-boxed elementor-section-height-default elementor-section-height-default\" data-id=\"8ee6dd6\" data-element_type=\"section\">\n\t\t\t\t\t\t<div class=\"elementor-container elementor-column-gap-default\">\n\t\t\t\t\t<div class=\"elementor-column elementor-col-100 elementor-top-column elementor-element elementor-element-1b7ed0e\" data-id=\"1b7ed0e\" data-element_type=\"column\">\n\t\t\t<div class=\"elementor-widget-wrap elementor-element-populated\">\n\t\t\t\t\t\t<div class=\"elementor-element elementor-element-a895905 elementor-widget elementor-widget-text-editor\" data-id=\"a895905\" data-element_type=\"widget\" data-widget_type=\"text-editor.default\">\n\t\t\t\t<div class=\"elementor-widget-container\">\n\t\t\t\t\t\t\t<p>O controle de aracn\u00eddeos consiste em conter a infesta\u00e7\u00e3o de \u00e1caros, carrapatos, aranhas e escorpi\u00f5es a fim de evitar transmiss\u00f5es de doen\u00e7as, inc\u00f4modos e envenenamento por eles.<\/p><p>Os \u00e1caros s\u00e3o os vil\u00f5es quando se fala em doen\u00e7as al\u00e9rgicas, pois s\u00e3o os principais causadores delas. Elas podem variar de leve como corrimento nasal a grave, ataque de asma e tosse persistente. Eles podem estar em qualquer lugar, pois se alojam em locais com poeira e s\u00e3o microsc\u00f3picos sendo impercept\u00edveis a olho nu.<\/p><p>Os carrapatos n\u00e3o s\u00f3 causam inc\u00f4modo como pode transmitir anemia e febre maculosa. A grande infesta\u00e7\u00e3o desses insetos ocorre no ambiente, por isso a import\u00e2ncia de realizar o controle adequado no espa\u00e7o e n\u00e3o apenas nos animais dom\u00e9sticos.<\/p><p>Aranhas se abrigam em locais quentes e escuros, como atr\u00e1s de quadros, arm\u00e1rios at\u00e9 mesmo dentro de sapatos.<\/p><p>J\u00e1 os escorpi\u00f5es gostam de umidade e escurid\u00e3o podendo ser encontrado em ralos de cozinhas, banheiros, \u00e1reas de servi\u00e7os, frestas de paredes ou piso, assoalhos e roda p\u00e9s soltos entre outros.<\/p>\t\t\t\t\t\t<\/div>\n\t\t\t\t<\/div>\n\t\t\t\t<section class=\"elementor-section elementor-inner-section elementor-element elementor-element-cf8accf elementor-section-boxed elementor-section-height-default elementor-section-height-default\" data-id=\"cf8accf\" data-element_type=\"section\">\n\t\t\t\t\t\t<div class=\"elementor-container elementor-column-gap-default\">\n\t\t\t\t\t<div class=\"elementor-column elementor-col-33 elementor-inner-column elementor-element elementor-element-51cc16e\" data-id=\"51cc16e\" data-element_type=\"column\">\n\t\t\t<div class=\"elementor-widget-wrap elementor-element-populated\">\n\t\t\t\t\t\t<div class=\"elementor-element elementor-element-24a2de2 elementor-widget elementor-widget-spacer\" data-id=\"24a2de2\" data-element_type=\"widget\" data-widget_type=\"spacer.default\">\n\t\t\t\t<div class=\"elementor-widget-container\">\n\t\t\t\t\t<div class=\"elementor-spacer\">\n\t\t\t<div class=\"elementor-spacer-inner\"><\/div>\n\t\t<\/div>\n\t\t\t\t<\/div>\n\t\t\t\t<\/div>\n\t\t\t\t\t<\/div>\n\t\t<\/div>\n\t\t\t\t<div class=\"elementor-column elementor-col-33 elementor-inner-column elementor-element elementor-element-4301d86\" data-id=\"4301d86\" data-element_type=\"column\">\n\t\t\t<div class=\"elementor-widget-wrap elementor-element-populated\">\n\t\t\t\t\t\t<div class=\"elementor-element elementor-element-f240c7e elementor-widget elementor-widget-spacer\" data-id=\"f240c7e\" data-element_type=\"widget\" data-widget_type=\"spacer.default\">\n\t\t\t\t<div class=\"elementor-widget-container\">\n\t\t\t\t\t<div class=\"elementor-spacer\">\n\t\t\t<div class=\"elementor-spacer-inner\"><\/div>\n\t\t<\/div>\n\t\t\t\t<\/div>\n\t\t\t\t<\/div>\n\t\t\t\t\t<\/div>\n\t\t<\/div>\n\t\t\t\t<div class=\"elementor-column elementor-col-33 elementor-inner-column elementor-element elementor-element-4243eae\" data-id=\"4243eae\" data-element_type=\"column\">\n\t\t\t<div class=\"elementor-widget-wrap elementor-element-populated\">\n\t\t\t\t\t\t<div class=\"elementor-element elementor-element-0197fdd elementor-widget elementor-widget-spacer\" data-id=\"0197fdd\" data-element_type=\"widget\" data-widget_type=\"spacer.default\">\n\t\t\t\t<div class=\"elementor-widget-container\">\n\t\t\t\t\t<div class=\"elementor-spacer\">\n\t\t\t<div class=\"elementor-spacer-inner\"><\/div>\n\t\t<\/div>\n\t\t\t\t<\/div>\n\t\t\t\t<\/div>\n\t\t\t\t\t<\/div>\n\t\t<\/div>\n\t\t\t\t\t<\/div>\n\t\t<\/section>\n\t\t\t\t\t<\/div>\n\t\t<\/div>\n\t\t\t\t\t<\/div>\n\t\t<\/section>\n\t\t\t\t<section class=\"elementor-section elementor-top-section elementor-element elementor-element-f56a19f elementor-section-boxed elementor-section-height-default elementor-section-height-default\" data-id=\"f56a19f\" data-element_type=\"section\" data-settings=\"{&quot;background_background&quot;:&quot;classic&quot;}\">\n\t\t\t\t\t\t<div class=\"elementor-container elementor-column-gap-default\">\n\t\t\t\t\t<div class=\"elementor-column elementor-col-100 elementor-top-column elementor-element elementor-element-e6061a4\" data-id=\"e6061a4\" data-element_type=\"column\">\n\t\t\t<div class=\"elementor-widget-wrap elementor-element-populated\">\n\t\t\t\t\t\t<div class=\"elementor-element elementor-element-4f7086b elementor-widget elementor-widget-heading\" data-id=\"4f7086b\" data-element_type=\"widget\" data-widget_type=\"heading.default\">\n\t\t\t\t<div class=\"elementor-widget-container\">\n\t\t\t<h2 class=\"elementor-heading-title elementor-size-default\">Pragas Inclusas<\/h2>\t\t<\/div>\n\t\t\t\t<\/div>\n\t\t\t\t<div class=\"elementor-element elementor-element-5b6ba1e elementor-icon-list--layout-traditional elementor-list-item-link-full_width elementor-widget elementor-widget-icon-list\" data-id=\"5b6ba1e\" data-element_type=\"widget\" data-widget_type=\"icon-list.default\">\n\t\t\t\t<div class=\"elementor-widget-container\">\n\t\t\t\t\t<ul class=\"elementor-icon-list-items\">\n\t\t\t\t\t\t\t<li class=\"elementor-icon-list-item\">\n\t\t\t\t\t\t\t\t\t\t\t<span class=\"elementor-icon-list-icon\">\n\t\t\t\t\t\t\t<i aria-hidden=\"true\" class=\"fas fa-check-square\"><\/i>\t\t\t\t\t\t<\/span>\n\t\t\t\t\t\t\t\t\t\t<span class=\"elementor-icon-list-text\">Aranhas<\/span>\n\t\t\t\t\t\t\t\t\t<\/li>\n\t\t\t\t\t\t\t\t<li class=\"elementor-icon-list-item\">\n\t\t\t\t\t\t\t\t\t\t\t<span class=\"elementor-icon-list-icon\">\n\t\t\t\t\t\t\t<i aria-hidden=\"true\" class=\"fas fa-check-square\"><\/i>\t\t\t\t\t\t<\/span>\n\t\t\t\t\t\t\t\t\t\t<span class=\"elementor-icon-list-text\">Carrapatos<\/span>\n\t\t\t\t\t\t\t\t\t<\/li>\n\t\t\t\t\t\t\t\t<li class=\"elementor-icon-list-item\">\n\t\t\t\t\t\t\t\t\t\t\t<span class=\"elementor-icon-list-icon\">\n\t\t\t\t\t\t\t<i aria-hidden=\"true\" class=\"fas fa-check-square\"><\/i>\t\t\t\t\t\t<\/span>\n\t\t\t\t\t\t\t\t\t\t<span class=\"elementor-icon-list-text\">Escorpi\u00f5es<\/span>\n\t\t\t\t\t\t\t\t\t<\/li>\n\t\t\t\t\t\t\t\t<li class=\"elementor-icon-list-item\">\n\t\t\t\t\t\t\t\t\t\t\t<span class=\"elementor-icon-list-icon\">\n\t\t\t\t\t\t\t<i aria-hidden=\"true\" class=\"fas fa-check-square\"><\/i>\t\t\t\t\t\t<\/span>\n\t\t\t\t\t\t\t\t\t\t<span class=\"elementor-icon-list-text\">\u00c1caros<\/span>\n\t\t\t\t\t\t\t\t\t<\/li>\n\t\t\t\t\t\t<\/ul>\n\t\t\t\t<\/div>\n\t\t\t\t<\/div>\n\t\t\t\t\t<\/div>\n\t\t<\/div>\n\t\t\t\t\t<\/div>\n\t\t<\/section>\n\t\t\t\t<section class=\"elementor-section elementor-top-section elementor-element elementor-element-2b5660c elementor-section-boxed elementor-section-height-default elementor-section-height-default\" data-id=\"2b5660c\" data-element_type=\"section\">\n\t\t\t\t\t\t<div class=\"elementor-container elementor-column-gap-default\">\n\t\t\t\t\t<div class=\"elementor-column elementor-col-100 elementor-top-column elementor-element elementor-element-4a2efdf\" data-id=\"4a2efdf\" data-element_type=\"column\">\n\t\t\t<div class=\"elementor-widget-wrap elementor-element-populated\">\n\t\t\t\t\t\t<div class=\"elementor-element elementor-element-0c5fa29 elementor-widget elementor-widget-heading\" data-id=\"0c5fa29\" data-element_type=\"widget\" data-widget_type=\"heading.default\">\n\t\t\t\t<div class=\"elementor-widget-container\">\n\t\t\t<h2 class=\"elementor-heading-title elementor-size-default\">Entre em Contato<\/h2>\t\t<\/div>\n\t\t\t\t<\/div>\n\t\t\t\t<div class=\"elementor-element elementor-element-bb757ba elementor-button-align-stretch elementor-widget elementor-widget-form\" data-id=\"bb757ba\" data-element_type=\"widget\" data-settings=\"{&quot;step_next_label&quot;:&quot;Next&quot;,&quot;step_previous_label&quot;:&quot;Previous&quot;,&quot;button_width&quot;:&quot;100&quot;,&quot;step_type&quot;:&quot;number_text&quot;,&quot;step_icon_shape&quot;:&quot;circle&quot;}\" data-widget_type=\"form.default\">\n\t\t\t\t<div class=\"elementor-widget-container\">\n\t\t\t\t\t<form class=\"elementor-form\" method=\"post\" name=\"New Form\">\n\t\t\t<input type=\"hidden\" name=\"post_id\" value=\"271\"\/>\n\t\t\t<input type=\"hidden\" name=\"form_id\" value=\"bb757ba\"\/>\n\t\t\t<input type=\"hidden\" name=\"referer_title\" value=\"Dedetizadora Portal\" \/>\n\n\t\t\t\n\t\t\t<div class=\"elementor-form-fields-wrapper elementor-labels-above\">\n\t\t\t\t\t\t\t\t<div class=\"elementor-field-type-text elementor-field-group elementor-column elementor-field-group-1 elementor-col-100 elementor-field-required\">\n\t\t\t\t\t\t\t\t\t\t\t\t\t<input size=\"1\" type=\"text\" name=\"form_fields[1]\" id=\"form-field-1\" class=\"elementor-field elementor-size-sm  elementor-field-textual\" placeholder=\"Nome\" required=\"required\" aria-required=\"true\">\n\t\t\t\t\t\t\t\t\t\t\t<\/div>\n\t\t\t\t\t\t\t\t<div class=\"elementor-field-type-email elementor-field-group elementor-column elementor-field-group-2 elementor-col-50 elementor-field-required\">\n\t\t\t\t\t\t\t\t\t\t\t\t\t<input size=\"1\" type=\"email\" name=\"form_fields[2]\" id=\"form-field-2\" class=\"elementor-field elementor-size-sm  elementor-field-textual\" placeholder=\"E-mail\" required=\"required\" aria-required=\"true\">\n\t\t\t\t\t\t\t\t\t\t\t<\/div>\n\t\t\t\t\t\t\t\t<div class=\"elementor-field-type-tel elementor-field-group elementor-column elementor-field-group-3 elementor-col-50 elementor-field-required\">\n\t\t\t\t\t\t\t<input size=\"1\" type=\"tel\" name=\"form_fields[3]\" id=\"form-field-3\" class=\"elementor-field elementor-size-sm  elementor-field-textual\" placeholder=\"WhatsApp\" required=\"required\" aria-required=\"true\" pattern=\"[0-9()#&amp;+*-=.]+\" title=\"Only numbers and phone characters (#, -, *, etc) are accepted.\">\n\n\t\t\t\t\t\t<\/div>\n\t\t\t\t\t\t\t\t<div class=\"elementor-field-type-textarea elementor-field-group elementor-column elementor-field-group-5 elementor-col-100\">\n\t\t\t\t\t<textarea class=\"elementor-field-textual elementor-field  elementor-size-sm\" name=\"form_fields[5]\" id=\"form-field-5\" rows=\"4\" placeholder=\"Mensagen\"><\/textarea>\t\t\t\t<\/div>\n\t\t\t\t\t\t\t\t<div class=\"elementor-field-group elementor-column elementor-field-type-submit elementor-col-100 e-form__buttons\">\n\t\t\t\t\t<button type=\"submit\" class=\"elementor-button elementor-size-sm\">\n\t\t\t\t\t\t<span >\n\t\t\t\t\t\t\t\t\t\t\t\t\t\t\t<span class=\" elementor-button-icon\">\n\t\t\t\t\t\t\t\t\t\t\t\t\t\t\t\t\t\t\t\t\t\t\t\t\t\t<\/span>\n\t\t\t\t\t\t\t\t\t\t\t\t\t\t\t\t\t\t\t\t\t\t<span class=\"elementor-button-text\">Enviar<\/span>\n\t\t\t\t\t\t\t\t\t\t\t\t\t<\/span>\n\t\t\t\t\t<\/button>\n\t\t\t\t<\/div>\n\t\t\t<\/div>\n\t\t<\/form>\n\t\t\t\t<\/div>\n\t\t\t\t<\/div>\n\t\t\t\t\t<\/div>\n\t\t<\/div>\n\t\t\t\t\t<\/div>\n\t\t<\/section>\n\t\t\t\t<\/div>\n\t\t","protected":false},"excerpt":{"rendered":"<p>Controle de Aracn\u00eddeos O controle de aracn\u00eddeos consiste em conter a infesta\u00e7\u00e3o de \u00e1caros, carrapatos, aranhas e escorpi\u00f5es a fim de evitar transmiss\u00f5es de doen\u00e7as, inc\u00f4modos e envenenamento por eles. Os \u00e1caros s\u00e3o os vil\u00f5es quando se fala em doen\u00e7as al\u00e9rgicas, pois s\u00e3o os principais causadores delas. Elas podem variar de leve como corrimento nasal [&hellip;]<\/p>\n","protected":false},"author":1,"featured_media":0,"parent":0,"menu_order":0,"comment_status":"closed","ping_status":"closed","template":"","meta":{"_joinchat":[],"footnotes":""},"class_list":["post-271","page","type-page","status-publish","hentry"],"yoast_head":"<!-- This site is optimized with the Yoast SEO plugin v24.0 - https:\/\/yoast.com\/wordpress\/plugins\/seo\/ -->\n<title>Controle de Aracn\u00eddeos - Dedetizadora Portal<\/title>\n<meta name=\"robots\" content=\"index, follow, max-snippet:-1, max-image-preview:large, max-video-preview:-1\" \/>\n<link rel=\"canonical\" href=\"https:\/\/dscsitesdevelop.com.br\/dedetizadoraportal\/controle-de-aracnideos\/\" \/>\n<meta property=\"og:locale\" content=\"pt_BR\" \/>\n<meta property=\"og:type\" content=\"article\" \/>\n<meta property=\"og:title\" content=\"Controle de Aracn\u00eddeos - Dedetizadora Portal\" \/>\n<meta property=\"og:description\" content=\"Controle de Aracn\u00eddeos O controle de aracn\u00eddeos consiste em conter a infesta\u00e7\u00e3o de \u00e1caros, carrapatos, aranhas e escorpi\u00f5es a fim de evitar transmiss\u00f5es de doen\u00e7as, inc\u00f4modos e envenenamento por eles. Os \u00e1caros s\u00e3o os vil\u00f5es quando se fala em doen\u00e7as al\u00e9rgicas, pois s\u00e3o os principais causadores delas. Elas podem variar de leve como corrimento nasal [&hellip;]\" \/>\n<meta property=\"og:url\" content=\"https:\/\/dscsitesdevelop.com.br\/dedetizadoraportal\/controle-de-aracnideos\/\" \/>\n<meta property=\"og:site_name\" content=\"Dedetizadora Portal\" \/>\n<meta property=\"article:modified_time\" content=\"2025-08-08T21:05:35+00:00\" \/>\n<meta property=\"og:image\" content=\"https:\/\/dscsitesdevelop.com.br\/dedetizadoraportal\/wp-content\/uploads\/2025\/08\/logo-ddt-portal.png\" \/>\n\t<meta property=\"og:image:width\" content=\"286\" \/>\n\t<meta property=\"og:image:height\" content=\"136\" \/>\n\t<meta property=\"og:image:type\" content=\"image\/png\" \/>\n<meta name=\"twitter:card\" content=\"summary_large_image\" \/>\n<meta name=\"twitter:label1\" content=\"Est. tempo de leitura\" \/>\n\t<meta name=\"twitter:data1\" content=\"2 minutos\" \/>\n<script type=\"application\/ld+json\" class=\"yoast-schema-graph\">{\"@context\":\"https:\/\/schema.org\",\"@graph\":[{\"@type\":\"WebPage\",\"@id\":\"https:\/\/dscsitesdevelop.com.br\/dedetizadoraportal\/controle-de-aracnideos\/\",\"url\":\"https:\/\/dscsitesdevelop.com.br\/dedetizadoraportal\/controle-de-aracnideos\/\",\"name\":\"Controle de Aracn\u00eddeos - Dedetizadora Portal\",\"isPartOf\":{\"@id\":\"https:\/\/dscsitesdevelop.com.br\/dedetizadoraportal\/#website\"},\"primaryImageOfPage\":{\"@id\":\"https:\/\/dscsitesdevelop.com.br\/dedetizadoraportal\/controle-de-aracnideos\/#primaryimage\"},\"image\":{\"@id\":\"https:\/\/dscsitesdevelop.com.br\/dedetizadoraportal\/controle-de-aracnideos\/#primaryimage\"},\"thumbnailUrl\":\"https:\/\/dscsitesdevelop.com.br\/dedetizadoraportal\/wp-content\/uploads\/2025\/08\/logo-ddt-portal.png\",\"datePublished\":\"2025-08-07T20:58:16+00:00\",\"dateModified\":\"2025-08-08T21:05:35+00:00\",\"breadcrumb\":{\"@id\":\"https:\/\/dscsitesdevelop.com.br\/dedetizadoraportal\/controle-de-aracnideos\/#breadcrumb\"},\"inLanguage\":\"pt-BR\",\"potentialAction\":[{\"@type\":\"ReadAction\",\"target\":[\"https:\/\/dscsitesdevelop.com.br\/dedetizadoraportal\/controle-de-aracnideos\/\"]}]},{\"@type\":\"ImageObject\",\"inLanguage\":\"pt-BR\",\"@id\":\"https:\/\/dscsitesdevelop.com.br\/dedetizadoraportal\/controle-de-aracnideos\/#primaryimage\",\"url\":\"https:\/\/dscsitesdevelop.com.br\/dedetizadoraportal\/wp-content\/uploads\/2025\/08\/logo-ddt-portal.png\",\"contentUrl\":\"https:\/\/dscsitesdevelop.com.br\/dedetizadoraportal\/wp-content\/uploads\/2025\/08\/logo-ddt-portal.png\",\"width\":286,\"height\":136},{\"@type\":\"BreadcrumbList\",\"@id\":\"https:\/\/dscsitesdevelop.com.br\/dedetizadoraportal\/controle-de-aracnideos\/#breadcrumb\",\"itemListElement\":[{\"@type\":\"ListItem\",\"position\":1,\"name\":\"Home\",\"item\":\"https:\/\/dscsitesdevelop.com.br\/dedetizadoraportal\/\"},{\"@type\":\"ListItem\",\"position\":2,\"name\":\"Controle de Aracn\u00eddeos\"}]},{\"@type\":\"WebSite\",\"@id\":\"https:\/\/dscsitesdevelop.com.br\/dedetizadoraportal\/#website\",\"url\":\"https:\/\/dscsitesdevelop.com.br\/dedetizadoraportal\/\",\"name\":\"Dedetizadora Portal\",\"description\":\"Colsutoria e Controle de Pragas\",\"potentialAction\":[{\"@type\":\"SearchAction\",\"target\":{\"@type\":\"EntryPoint\",\"urlTemplate\":\"https:\/\/dscsitesdevelop.com.br\/dedetizadoraportal\/?s={search_term_string}\"},\"query-input\":{\"@type\":\"PropertyValueSpecification\",\"valueRequired\":true,\"valueName\":\"search_term_string\"}}],\"inLanguage\":\"pt-BR\"}]}<\/script>\n<!-- \/ Yoast SEO plugin. -->","yoast_head_json":{"title":"Controle de Aracn\u00eddeos - Dedetizadora Portal","robots":{"index":"index","follow":"follow","max-snippet":"max-snippet:-1","max-image-preview":"max-image-preview:large","max-video-preview":"max-video-preview:-1"},"canonical":"https:\/\/dscsitesdevelop.com.br\/dedetizadoraportal\/controle-de-aracnideos\/","og_locale":"pt_BR","og_type":"article","og_title":"Controle de Aracn\u00eddeos - Dedetizadora Portal","og_description":"Controle de Aracn\u00eddeos O controle de aracn\u00eddeos consiste em conter a infesta\u00e7\u00e3o de \u00e1caros, carrapatos, aranhas e escorpi\u00f5es a fim de evitar transmiss\u00f5es de doen\u00e7as, inc\u00f4modos e envenenamento por eles. Os \u00e1caros s\u00e3o os vil\u00f5es quando se fala em doen\u00e7as al\u00e9rgicas, pois s\u00e3o os principais causadores delas. Elas podem variar de leve como corrimento nasal [&hellip;]","og_url":"https:\/\/dscsitesdevelop.com.br\/dedetizadoraportal\/controle-de-aracnideos\/","og_site_name":"Dedetizadora Portal","article_modified_time":"2025-08-08T21:05:35+00:00","og_image":[{"width":286,"height":136,"url":"https:\/\/dscsitesdevelop.com.br\/dedetizadoraportal\/wp-content\/uploads\/2025\/08\/logo-ddt-portal.png","type":"image\/png"}],"twitter_card":"summary_large_image","twitter_misc":{"Est. tempo de leitura":"2 minutos"},"schema":{"@context":"https:\/\/schema.org","@graph":[{"@type":"WebPage","@id":"https:\/\/dscsitesdevelop.com.br\/dedetizadoraportal\/controle-de-aracnideos\/","url":"https:\/\/dscsitesdevelop.com.br\/dedetizadoraportal\/controle-de-aracnideos\/","name":"Controle de Aracn\u00eddeos - Dedetizadora Portal","isPartOf":{"@id":"https:\/\/dscsitesdevelop.com.br\/dedetizadoraportal\/#website"},"primaryImageOfPage":{"@id":"https:\/\/dscsitesdevelop.com.br\/dedetizadoraportal\/controle-de-aracnideos\/#primaryimage"},"image":{"@id":"https:\/\/dscsitesdevelop.com.br\/dedetizadoraportal\/controle-de-aracnideos\/#primaryimage"},"thumbnailUrl":"https:\/\/dscsitesdevelop.com.br\/dedetizadoraportal\/wp-content\/uploads\/2025\/08\/logo-ddt-portal.png","datePublished":"2025-08-07T20:58:16+00:00","dateModified":"2025-08-08T21:05:35+00:00","breadcrumb":{"@id":"https:\/\/dscsitesdevelop.com.br\/dedetizadoraportal\/controle-de-aracnideos\/#breadcrumb"},"inLanguage":"pt-BR","potentialAction":[{"@type":"ReadAction","target":["https:\/\/dscsitesdevelop.com.br\/dedetizadoraportal\/controle-de-aracnideos\/"]}]},{"@type":"ImageObject","inLanguage":"pt-BR","@id":"https:\/\/dscsitesdevelop.com.br\/dedetizadoraportal\/controle-de-aracnideos\/#primaryimage","url":"https:\/\/dscsitesdevelop.com.br\/dedetizadoraportal\/wp-content\/uploads\/2025\/08\/logo-ddt-portal.png","contentUrl":"https:\/\/dscsitesdevelop.com.br\/dedetizadoraportal\/wp-content\/uploads\/2025\/08\/logo-ddt-portal.png","width":286,"height":136},{"@type":"BreadcrumbList","@id":"https:\/\/dscsitesdevelop.com.br\/dedetizadoraportal\/controle-de-aracnideos\/#breadcrumb","itemListElement":[{"@type":"ListItem","position":1,"name":"Home","item":"https:\/\/dscsitesdevelop.com.br\/dedetizadoraportal\/"},{"@type":"ListItem","position":2,"name":"Controle de Aracn\u00eddeos"}]},{"@type":"WebSite","@id":"https:\/\/dscsitesdevelop.com.br\/dedetizadoraportal\/#website","url":"https:\/\/dscsitesdevelop.com.br\/dedetizadoraportal\/","name":"Dedetizadora Portal","description":"Colsutoria e Controle de Pragas","potentialAction":[{"@type":"SearchAction","target":{"@type":"EntryPoint","urlTemplate":"https:\/\/dscsitesdevelop.com.br\/dedetizadoraportal\/?s={search_term_string}"},"query-input":{"@type":"PropertyValueSpecification","valueRequired":true,"valueName":"search_term_string"}}],"inLanguage":"pt-BR"}]}},"_links":{"self":[{"href":"https:\/\/dscsitesdevelop.com.br\/dedetizadoraportal\/wp-json\/wp\/v2\/pages\/271","targetHints":{"allow":["GET"]}}],"collection":[{"href":"https:\/\/dscsitesdevelop.com.br\/dedetizadoraportal\/wp-json\/wp\/v2\/pages"}],"about":[{"href":"https:\/\/dscsitesdevelop.com.br\/dedetizadoraportal\/wp-json\/wp\/v2\/types\/page"}],"author":[{"embeddable":true,"href":"https:\/\/dscsitesdevelop.com.br\/dedetizadoraportal\/wp-json\/wp\/v2\/users\/1"}],"replies":[{"embeddable":true,"href":"https:\/\/dscsitesdevelop.com.br\/dedetizadoraportal\/wp-json\/wp\/v2\/comments?post=271"}],"version-history":[{"count":13,"href":"https:\/\/dscsitesdevelop.com.br\/dedetizadoraportal\/wp-json\/wp\/v2\/pages\/271\/revisions"}],"predecessor-version":[{"id":505,"href":"https:\/\/dscsitesdevelop.com.br\/dedetizadoraportal\/wp-json\/wp\/v2\/pages\/271\/revisions\/505"}],"wp:attachment":[{"href":"https:\/\/dscsitesdevelop.com.br\/dedetizadoraportal\/wp-json\/wp\/v2\/media?parent=271"}],"curies":[{"name":"wp","href":"https:\/\/api.w.org\/{rel}","templated":true}]}}