{"id":262,"date":"2025-08-07T17:57:02","date_gmt":"2025-08-07T20:57:02","guid":{"rendered":"https:\/\/dscsitesdevelop.com.br\/dedetizadoraportal\/?page_id=262"},"modified":"2025-08-08T18:08:45","modified_gmt":"2025-08-08T21:08:45","slug":"desratizacao","status":"publish","type":"page","link":"https:\/\/dscsitesdevelop.com.br\/dedetizadoraportal\/desratizacao\/","title":{"rendered":"Desratiza\u00e7\u00e3o"},"content":{"rendered":"\t\t<div data-elementor-type=\"wp-page\" data-elementor-id=\"262\" class=\"elementor elementor-262\">\n\t\t\t\t\t\t<section class=\"elementor-section elementor-top-section elementor-element elementor-element-81acb59 elementor-section-boxed elementor-section-height-default elementor-section-height-default\" data-id=\"81acb59\" data-element_type=\"section\" data-settings=\"{&quot;background_background&quot;:&quot;classic&quot;}\">\n\t\t\t\t\t\t\t<div class=\"elementor-background-overlay\"><\/div>\n\t\t\t\t\t\t\t<div class=\"elementor-container elementor-column-gap-default\">\n\t\t\t\t\t<div class=\"elementor-column elementor-col-50 elementor-top-column elementor-element elementor-element-bfdbd66\" data-id=\"bfdbd66\" data-element_type=\"column\">\n\t\t\t<div class=\"elementor-widget-wrap elementor-element-populated\">\n\t\t\t\t\t\t<div class=\"elementor-element elementor-element-1108290 elementor-widget elementor-widget-heading\" data-id=\"1108290\" data-element_type=\"widget\" data-widget_type=\"heading.default\">\n\t\t\t\t<div class=\"elementor-widget-container\">\n\t\t\t<h2 class=\"elementor-heading-title elementor-size-default\">Desratiza\u00e7\u00e3o<\/h2>\t\t<\/div>\n\t\t\t\t<\/div>\n\t\t\t\t\t<\/div>\n\t\t<\/div>\n\t\t\t\t<div class=\"elementor-column elementor-col-50 elementor-top-column elementor-element elementor-element-23ffc51\" data-id=\"23ffc51\" data-element_type=\"column\">\n\t\t\t<div class=\"elementor-widget-wrap elementor-element-populated\">\n\t\t\t\t\t\t<div class=\"elementor-element elementor-element-b33e410 elementor-widget elementor-widget-image\" data-id=\"b33e410\" data-element_type=\"widget\" data-widget_type=\"image.default\">\n\t\t\t\t<div class=\"elementor-widget-container\">\n\t\t\t\t\t\t\t\t\t\t\t\t\t<img decoding=\"async\" width=\"286\" height=\"136\" src=\"https:\/\/dscsitesdevelop.com.br\/dedetizadoraportal\/wp-content\/uploads\/2025\/08\/logo-ddt-portal.png\" class=\"attachment-full size-full wp-image-38\" alt=\"\" \/>\t\t\t\t\t\t\t\t\t\t\t\t\t<\/div>\n\t\t\t\t<\/div>\n\t\t\t\t\t<\/div>\n\t\t<\/div>\n\t\t\t\t\t<\/div>\n\t\t<\/section>\n\t\t\t\t<section class=\"elementor-section elementor-top-section elementor-element elementor-element-8ee6dd6 elementor-section-boxed elementor-section-height-default elementor-section-height-default\" data-id=\"8ee6dd6\" data-element_type=\"section\">\n\t\t\t\t\t\t<div class=\"elementor-container elementor-column-gap-default\">\n\t\t\t\t\t<div class=\"elementor-column elementor-col-100 elementor-top-column elementor-element elementor-element-1b7ed0e\" data-id=\"1b7ed0e\" data-element_type=\"column\">\n\t\t\t<div class=\"elementor-widget-wrap elementor-element-populated\">\n\t\t\t\t\t\t<div class=\"elementor-element elementor-element-a895905 elementor-widget elementor-widget-text-editor\" data-id=\"a895905\" data-element_type=\"widget\" data-widget_type=\"text-editor.default\">\n\t\t\t\t<div class=\"elementor-widget-container\">\n\t\t\t\t\t\t\t<p>A desratiza\u00e7\u00e3o \u00e9 um procedimento para controle de roedores. \u00a0Ela \u00e9 muito importante devido serem grandes transmissores de doen\u00e7as atrav\u00e9s de suas fezes, pelos e urina. A OMS j\u00e1 catalogou mais de 200 doen\u00e7as \u00a0como leptospirose, hantavirose, tifo, peste bub\u00f4nica, febre hemorr\u00e1gica, sarnas, micoses, nefrite epid\u00eamica entre outras.<\/p><p>O m\u00e9todo utilizado \u00e9 feito de acordo com grau de infesta\u00e7\u00e3o e tipo de animal (ratazana, rato de forro ou camundongo).<br \/>Esse trabalho visa resultados ben\u00e9ficos n\u00e3o s\u00f3 do ponto de vista higi\u00eanico, mas tamb\u00e9m econ\u00f4mico, j\u00e1 que causam grandes preju\u00edzos.<\/p><p>Por necessitarem gastar seus dentes incisivos que crescem cerca de 13 cm por ano, est\u00e3o sempre roendo alguma coisa. N\u00e3o s\u00f3 madeira, como tamb\u00e9m alum\u00ednio, chumbo, tijolos, cimento, pl\u00e1sticos e tecidos.<\/p><p>Para garantir a qualidade do servi\u00e7o, o ideal \u00e9 realizar o controle de pragas com profissionais especializados no per\u00edodo m\u00e1ximo de tr\u00eas meses para locais que n\u00e3o manipulam alimentos. No caso de locais com manipula\u00e7\u00e3o de alimentos sendo mais indicado o menor per\u00edodo poss\u00edvel, segundo a recomenda\u00e7\u00e3o da Ag\u00eancia Nacional de Vigil\u00e2ncia Sanit\u00e1ria (Anvisa).<\/p>\t\t\t\t\t\t<\/div>\n\t\t\t\t<\/div>\n\t\t\t\t<section class=\"elementor-section elementor-inner-section elementor-element elementor-element-cf8accf elementor-section-boxed elementor-section-height-default elementor-section-height-default\" data-id=\"cf8accf\" data-element_type=\"section\">\n\t\t\t\t\t\t<div class=\"elementor-container elementor-column-gap-default\">\n\t\t\t\t\t<div class=\"elementor-column elementor-col-50 elementor-inner-column elementor-element elementor-element-51cc16e\" data-id=\"51cc16e\" data-element_type=\"column\">\n\t\t\t<div class=\"elementor-widget-wrap elementor-element-populated\">\n\t\t\t\t\t\t<div class=\"elementor-element elementor-element-24a2de2 elementor-widget elementor-widget-spacer\" data-id=\"24a2de2\" data-element_type=\"widget\" data-widget_type=\"spacer.default\">\n\t\t\t\t<div class=\"elementor-widget-container\">\n\t\t\t\t\t<div class=\"elementor-spacer\">\n\t\t\t<div class=\"elementor-spacer-inner\"><\/div>\n\t\t<\/div>\n\t\t\t\t<\/div>\n\t\t\t\t<\/div>\n\t\t\t\t\t<\/div>\n\t\t<\/div>\n\t\t\t\t<div class=\"elementor-column elementor-col-50 elementor-inner-column elementor-element elementor-element-4301d86\" data-id=\"4301d86\" data-element_type=\"column\">\n\t\t\t<div class=\"elementor-widget-wrap elementor-element-populated\">\n\t\t\t\t\t\t<div class=\"elementor-element elementor-element-f240c7e elementor-widget elementor-widget-spacer\" data-id=\"f240c7e\" data-element_type=\"widget\" data-widget_type=\"spacer.default\">\n\t\t\t\t<div class=\"elementor-widget-container\">\n\t\t\t\t\t<div class=\"elementor-spacer\">\n\t\t\t<div class=\"elementor-spacer-inner\"><\/div>\n\t\t<\/div>\n\t\t\t\t<\/div>\n\t\t\t\t<\/div>\n\t\t\t\t\t<\/div>\n\t\t<\/div>\n\t\t\t\t\t<\/div>\n\t\t<\/section>\n\t\t\t\t\t<\/div>\n\t\t<\/div>\n\t\t\t\t\t<\/div>\n\t\t<\/section>\n\t\t\t\t<section class=\"elementor-section elementor-top-section elementor-element elementor-element-f56a19f elementor-section-boxed elementor-section-height-default elementor-section-height-default\" data-id=\"f56a19f\" data-element_type=\"section\" data-settings=\"{&quot;background_background&quot;:&quot;classic&quot;}\">\n\t\t\t\t\t\t<div class=\"elementor-container elementor-column-gap-default\">\n\t\t\t\t\t<div class=\"elementor-column elementor-col-100 elementor-top-column elementor-element elementor-element-e6061a4\" data-id=\"e6061a4\" data-element_type=\"column\">\n\t\t\t<div class=\"elementor-widget-wrap elementor-element-populated\">\n\t\t\t\t\t\t<div class=\"elementor-element elementor-element-4f7086b elementor-widget elementor-widget-heading\" data-id=\"4f7086b\" data-element_type=\"widget\" data-widget_type=\"heading.default\">\n\t\t\t\t<div class=\"elementor-widget-container\">\n\t\t\t<h2 class=\"elementor-heading-title elementor-size-default\">Pragas Inclusas<\/h2>\t\t<\/div>\n\t\t\t\t<\/div>\n\t\t\t\t<div class=\"elementor-element elementor-element-5b6ba1e elementor-icon-list--layout-traditional elementor-list-item-link-full_width elementor-widget elementor-widget-icon-list\" data-id=\"5b6ba1e\" data-element_type=\"widget\" data-widget_type=\"icon-list.default\">\n\t\t\t\t<div class=\"elementor-widget-container\">\n\t\t\t\t\t<ul class=\"elementor-icon-list-items\">\n\t\t\t\t\t\t\t<li class=\"elementor-icon-list-item\">\n\t\t\t\t\t\t\t\t\t\t\t<span class=\"elementor-icon-list-icon\">\n\t\t\t\t\t\t\t<i aria-hidden=\"true\" class=\"fas fa-check-square\"><\/i>\t\t\t\t\t\t<\/span>\n\t\t\t\t\t\t\t\t\t\t<span class=\"elementor-icon-list-text\">Rato de forro<\/span>\n\t\t\t\t\t\t\t\t\t<\/li>\n\t\t\t\t\t\t\t\t<li class=\"elementor-icon-list-item\">\n\t\t\t\t\t\t\t\t\t\t\t<span class=\"elementor-icon-list-icon\">\n\t\t\t\t\t\t\t<i aria-hidden=\"true\" class=\"fas fa-check-square\"><\/i>\t\t\t\t\t\t<\/span>\n\t\t\t\t\t\t\t\t\t\t<span class=\"elementor-icon-list-text\">Ratazana<\/span>\n\t\t\t\t\t\t\t\t\t<\/li>\n\t\t\t\t\t\t\t\t<li class=\"elementor-icon-list-item\">\n\t\t\t\t\t\t\t\t\t\t\t<span class=\"elementor-icon-list-icon\">\n\t\t\t\t\t\t\t<i aria-hidden=\"true\" class=\"fas fa-check-square\"><\/i>\t\t\t\t\t\t<\/span>\n\t\t\t\t\t\t\t\t\t\t<span class=\"elementor-icon-list-text\">Camundongo<\/span>\n\t\t\t\t\t\t\t\t\t<\/li>\n\t\t\t\t\t\t<\/ul>\n\t\t\t\t<\/div>\n\t\t\t\t<\/div>\n\t\t\t\t\t<\/div>\n\t\t<\/div>\n\t\t\t\t\t<\/div>\n\t\t<\/section>\n\t\t\t\t<section class=\"elementor-section elementor-top-section elementor-element elementor-element-f6578b0 elementor-section-boxed elementor-section-height-default elementor-section-height-default\" data-id=\"f6578b0\" data-element_type=\"section\">\n\t\t\t\t\t\t<div class=\"elementor-container elementor-column-gap-default\">\n\t\t\t\t\t<div class=\"elementor-column elementor-col-100 elementor-top-column elementor-element elementor-element-94011e0\" data-id=\"94011e0\" data-element_type=\"column\">\n\t\t\t<div class=\"elementor-widget-wrap elementor-element-populated\">\n\t\t\t\t\t\t<div class=\"elementor-element elementor-element-cec69b5 elementor-widget elementor-widget-heading\" data-id=\"cec69b5\" data-element_type=\"widget\" data-widget_type=\"heading.default\">\n\t\t\t\t<div class=\"elementor-widget-container\">\n\t\t\t<h2 class=\"elementor-heading-title elementor-size-default\">Entre em Contato<\/h2>\t\t<\/div>\n\t\t\t\t<\/div>\n\t\t\t\t<div class=\"elementor-element elementor-element-f27488b elementor-button-align-stretch elementor-widget elementor-widget-form\" data-id=\"f27488b\" data-element_type=\"widget\" data-settings=\"{&quot;step_next_label&quot;:&quot;Next&quot;,&quot;step_previous_label&quot;:&quot;Previous&quot;,&quot;button_width&quot;:&quot;100&quot;,&quot;step_type&quot;:&quot;number_text&quot;,&quot;step_icon_shape&quot;:&quot;circle&quot;}\" data-widget_type=\"form.default\">\n\t\t\t\t<div class=\"elementor-widget-container\">\n\t\t\t\t\t<form class=\"elementor-form\" method=\"post\" name=\"New Form\">\n\t\t\t<input type=\"hidden\" name=\"post_id\" value=\"262\"\/>\n\t\t\t<input type=\"hidden\" name=\"form_id\" value=\"f27488b\"\/>\n\t\t\t<input type=\"hidden\" name=\"referer_title\" value=\"Dedetizadora Portal\" \/>\n\n\t\t\t\n\t\t\t<div class=\"elementor-form-fields-wrapper elementor-labels-above\">\n\t\t\t\t\t\t\t\t<div class=\"elementor-field-type-text elementor-field-group elementor-column elementor-field-group-1 elementor-col-100 elementor-field-required\">\n\t\t\t\t\t\t\t\t\t\t\t\t\t<input size=\"1\" type=\"text\" name=\"form_fields[1]\" id=\"form-field-1\" class=\"elementor-field elementor-size-sm  elementor-field-textual\" placeholder=\"Nome\" required=\"required\" aria-required=\"true\">\n\t\t\t\t\t\t\t\t\t\t\t<\/div>\n\t\t\t\t\t\t\t\t<div class=\"elementor-field-type-email elementor-field-group elementor-column elementor-field-group-2 elementor-col-50 elementor-field-required\">\n\t\t\t\t\t\t\t\t\t\t\t\t\t<input size=\"1\" type=\"email\" name=\"form_fields[2]\" id=\"form-field-2\" class=\"elementor-field elementor-size-sm  elementor-field-textual\" placeholder=\"E-mail\" required=\"required\" aria-required=\"true\">\n\t\t\t\t\t\t\t\t\t\t\t<\/div>\n\t\t\t\t\t\t\t\t<div class=\"elementor-field-type-tel elementor-field-group elementor-column elementor-field-group-3 elementor-col-50 elementor-field-required\">\n\t\t\t\t\t\t\t<input size=\"1\" type=\"tel\" name=\"form_fields[3]\" id=\"form-field-3\" class=\"elementor-field elementor-size-sm  elementor-field-textual\" placeholder=\"WhatsApp\" required=\"required\" aria-required=\"true\" pattern=\"[0-9()#&amp;+*-=.]+\" title=\"Only numbers and phone characters (#, -, *, etc) are accepted.\">\n\n\t\t\t\t\t\t<\/div>\n\t\t\t\t\t\t\t\t<div class=\"elementor-field-type-textarea elementor-field-group elementor-column elementor-field-group-5 elementor-col-100\">\n\t\t\t\t\t<textarea class=\"elementor-field-textual elementor-field  elementor-size-sm\" name=\"form_fields[5]\" id=\"form-field-5\" rows=\"4\" placeholder=\"Mensagen\"><\/textarea>\t\t\t\t<\/div>\n\t\t\t\t\t\t\t\t<div class=\"elementor-field-group elementor-column elementor-field-type-submit elementor-col-100 e-form__buttons\">\n\t\t\t\t\t<button type=\"submit\" class=\"elementor-button elementor-size-sm\">\n\t\t\t\t\t\t<span >\n\t\t\t\t\t\t\t\t\t\t\t\t\t\t\t<span class=\" elementor-button-icon\">\n\t\t\t\t\t\t\t\t\t\t\t\t\t\t\t\t\t\t\t\t\t\t\t\t\t\t<\/span>\n\t\t\t\t\t\t\t\t\t\t\t\t\t\t\t\t\t\t\t\t\t\t<span class=\"elementor-button-text\">Enviar<\/span>\n\t\t\t\t\t\t\t\t\t\t\t\t\t<\/span>\n\t\t\t\t\t<\/button>\n\t\t\t\t<\/div>\n\t\t\t<\/div>\n\t\t<\/form>\n\t\t\t\t<\/div>\n\t\t\t\t<\/div>\n\t\t\t\t\t<\/div>\n\t\t<\/div>\n\t\t\t\t\t<\/div>\n\t\t<\/section>\n\t\t\t\t<\/div>\n\t\t","protected":false},"excerpt":{"rendered":"<p>Desratiza\u00e7\u00e3o A desratiza\u00e7\u00e3o \u00e9 um procedimento para controle de roedores. \u00a0Ela \u00e9 muito importante devido serem grandes transmissores de doen\u00e7as atrav\u00e9s de suas fezes, pelos e urina. A OMS j\u00e1 catalogou mais de 200 doen\u00e7as \u00a0como leptospirose, hantavirose, tifo, peste bub\u00f4nica, febre hemorr\u00e1gica, sarnas, micoses, nefrite epid\u00eamica entre outras. O m\u00e9todo utilizado \u00e9 feito de [&hellip;]<\/p>\n","protected":false},"author":1,"featured_media":0,"parent":0,"menu_order":0,"comment_status":"closed","ping_status":"closed","template":"","meta":{"_joinchat":[],"footnotes":""},"class_list":["post-262","page","type-page","status-publish","hentry"],"yoast_head":"<!-- This site is optimized with the Yoast SEO plugin v24.0 - https:\/\/yoast.com\/wordpress\/plugins\/seo\/ -->\n<title>Desratiza\u00e7\u00e3o - Dedetizadora Portal<\/title>\n<meta name=\"robots\" content=\"index, follow, max-snippet:-1, max-image-preview:large, max-video-preview:-1\" \/>\n<link rel=\"canonical\" href=\"https:\/\/dscsitesdevelop.com.br\/dedetizadoraportal\/desratizacao\/\" \/>\n<meta property=\"og:locale\" content=\"pt_BR\" \/>\n<meta property=\"og:type\" content=\"article\" \/>\n<meta property=\"og:title\" content=\"Desratiza\u00e7\u00e3o - Dedetizadora Portal\" \/>\n<meta property=\"og:description\" content=\"Desratiza\u00e7\u00e3o A desratiza\u00e7\u00e3o \u00e9 um procedimento para controle de roedores. \u00a0Ela \u00e9 muito importante devido serem grandes transmissores de doen\u00e7as atrav\u00e9s de suas fezes, pelos e urina. A OMS j\u00e1 catalogou mais de 200 doen\u00e7as \u00a0como leptospirose, hantavirose, tifo, peste bub\u00f4nica, febre hemorr\u00e1gica, sarnas, micoses, nefrite epid\u00eamica entre outras. O m\u00e9todo utilizado \u00e9 feito de [&hellip;]\" \/>\n<meta property=\"og:url\" content=\"https:\/\/dscsitesdevelop.com.br\/dedetizadoraportal\/desratizacao\/\" \/>\n<meta property=\"og:site_name\" content=\"Dedetizadora Portal\" \/>\n<meta property=\"article:modified_time\" content=\"2025-08-08T21:08:45+00:00\" \/>\n<meta property=\"og:image\" content=\"https:\/\/dscsitesdevelop.com.br\/dedetizadoraportal\/wp-content\/uploads\/2025\/08\/logo-ddt-portal.png\" \/>\n\t<meta property=\"og:image:width\" content=\"286\" \/>\n\t<meta property=\"og:image:height\" content=\"136\" \/>\n\t<meta property=\"og:image:type\" content=\"image\/png\" \/>\n<meta name=\"twitter:card\" content=\"summary_large_image\" \/>\n<meta name=\"twitter:label1\" content=\"Est. tempo de leitura\" \/>\n\t<meta name=\"twitter:data1\" content=\"2 minutos\" \/>\n<script type=\"application\/ld+json\" class=\"yoast-schema-graph\">{\"@context\":\"https:\/\/schema.org\",\"@graph\":[{\"@type\":\"WebPage\",\"@id\":\"https:\/\/dscsitesdevelop.com.br\/dedetizadoraportal\/desratizacao\/\",\"url\":\"https:\/\/dscsitesdevelop.com.br\/dedetizadoraportal\/desratizacao\/\",\"name\":\"Desratiza\u00e7\u00e3o - Dedetizadora Portal\",\"isPartOf\":{\"@id\":\"https:\/\/dscsitesdevelop.com.br\/dedetizadoraportal\/#website\"},\"primaryImageOfPage\":{\"@id\":\"https:\/\/dscsitesdevelop.com.br\/dedetizadoraportal\/desratizacao\/#primaryimage\"},\"image\":{\"@id\":\"https:\/\/dscsitesdevelop.com.br\/dedetizadoraportal\/desratizacao\/#primaryimage\"},\"thumbnailUrl\":\"https:\/\/dscsitesdevelop.com.br\/dedetizadoraportal\/wp-content\/uploads\/2025\/08\/logo-ddt-portal.png\",\"datePublished\":\"2025-08-07T20:57:02+00:00\",\"dateModified\":\"2025-08-08T21:08:45+00:00\",\"breadcrumb\":{\"@id\":\"https:\/\/dscsitesdevelop.com.br\/dedetizadoraportal\/desratizacao\/#breadcrumb\"},\"inLanguage\":\"pt-BR\",\"potentialAction\":[{\"@type\":\"ReadAction\",\"target\":[\"https:\/\/dscsitesdevelop.com.br\/dedetizadoraportal\/desratizacao\/\"]}]},{\"@type\":\"ImageObject\",\"inLanguage\":\"pt-BR\",\"@id\":\"https:\/\/dscsitesdevelop.com.br\/dedetizadoraportal\/desratizacao\/#primaryimage\",\"url\":\"https:\/\/dscsitesdevelop.com.br\/dedetizadoraportal\/wp-content\/uploads\/2025\/08\/logo-ddt-portal.png\",\"contentUrl\":\"https:\/\/dscsitesdevelop.com.br\/dedetizadoraportal\/wp-content\/uploads\/2025\/08\/logo-ddt-portal.png\",\"width\":286,\"height\":136},{\"@type\":\"BreadcrumbList\",\"@id\":\"https:\/\/dscsitesdevelop.com.br\/dedetizadoraportal\/desratizacao\/#breadcrumb\",\"itemListElement\":[{\"@type\":\"ListItem\",\"position\":1,\"name\":\"Home\",\"item\":\"https:\/\/dscsitesdevelop.com.br\/dedetizadoraportal\/\"},{\"@type\":\"ListItem\",\"position\":2,\"name\":\"Desratiza\u00e7\u00e3o\"}]},{\"@type\":\"WebSite\",\"@id\":\"https:\/\/dscsitesdevelop.com.br\/dedetizadoraportal\/#website\",\"url\":\"https:\/\/dscsitesdevelop.com.br\/dedetizadoraportal\/\",\"name\":\"Dedetizadora Portal\",\"description\":\"Colsutoria e Controle de Pragas\",\"potentialAction\":[{\"@type\":\"SearchAction\",\"target\":{\"@type\":\"EntryPoint\",\"urlTemplate\":\"https:\/\/dscsitesdevelop.com.br\/dedetizadoraportal\/?s={search_term_string}\"},\"query-input\":{\"@type\":\"PropertyValueSpecification\",\"valueRequired\":true,\"valueName\":\"search_term_string\"}}],\"inLanguage\":\"pt-BR\"}]}<\/script>\n<!-- \/ Yoast SEO plugin. -->","yoast_head_json":{"title":"Desratiza\u00e7\u00e3o - Dedetizadora Portal","robots":{"index":"index","follow":"follow","max-snippet":"max-snippet:-1","max-image-preview":"max-image-preview:large","max-video-preview":"max-video-preview:-1"},"canonical":"https:\/\/dscsitesdevelop.com.br\/dedetizadoraportal\/desratizacao\/","og_locale":"pt_BR","og_type":"article","og_title":"Desratiza\u00e7\u00e3o - Dedetizadora Portal","og_description":"Desratiza\u00e7\u00e3o A desratiza\u00e7\u00e3o \u00e9 um procedimento para controle de roedores. \u00a0Ela \u00e9 muito importante devido serem grandes transmissores de doen\u00e7as atrav\u00e9s de suas fezes, pelos e urina. A OMS j\u00e1 catalogou mais de 200 doen\u00e7as \u00a0como leptospirose, hantavirose, tifo, peste bub\u00f4nica, febre hemorr\u00e1gica, sarnas, micoses, nefrite epid\u00eamica entre outras. O m\u00e9todo utilizado \u00e9 feito de [&hellip;]","og_url":"https:\/\/dscsitesdevelop.com.br\/dedetizadoraportal\/desratizacao\/","og_site_name":"Dedetizadora Portal","article_modified_time":"2025-08-08T21:08:45+00:00","og_image":[{"width":286,"height":136,"url":"https:\/\/dscsitesdevelop.com.br\/dedetizadoraportal\/wp-content\/uploads\/2025\/08\/logo-ddt-portal.png","type":"image\/png"}],"twitter_card":"summary_large_image","twitter_misc":{"Est. tempo de leitura":"2 minutos"},"schema":{"@context":"https:\/\/schema.org","@graph":[{"@type":"WebPage","@id":"https:\/\/dscsitesdevelop.com.br\/dedetizadoraportal\/desratizacao\/","url":"https:\/\/dscsitesdevelop.com.br\/dedetizadoraportal\/desratizacao\/","name":"Desratiza\u00e7\u00e3o - Dedetizadora Portal","isPartOf":{"@id":"https:\/\/dscsitesdevelop.com.br\/dedetizadoraportal\/#website"},"primaryImageOfPage":{"@id":"https:\/\/dscsitesdevelop.com.br\/dedetizadoraportal\/desratizacao\/#primaryimage"},"image":{"@id":"https:\/\/dscsitesdevelop.com.br\/dedetizadoraportal\/desratizacao\/#primaryimage"},"thumbnailUrl":"https:\/\/dscsitesdevelop.com.br\/dedetizadoraportal\/wp-content\/uploads\/2025\/08\/logo-ddt-portal.png","datePublished":"2025-08-07T20:57:02+00:00","dateModified":"2025-08-08T21:08:45+00:00","breadcrumb":{"@id":"https:\/\/dscsitesdevelop.com.br\/dedetizadoraportal\/desratizacao\/#breadcrumb"},"inLanguage":"pt-BR","potentialAction":[{"@type":"ReadAction","target":["https:\/\/dscsitesdevelop.com.br\/dedetizadoraportal\/desratizacao\/"]}]},{"@type":"ImageObject","inLanguage":"pt-BR","@id":"https:\/\/dscsitesdevelop.com.br\/dedetizadoraportal\/desratizacao\/#primaryimage","url":"https:\/\/dscsitesdevelop.com.br\/dedetizadoraportal\/wp-content\/uploads\/2025\/08\/logo-ddt-portal.png","contentUrl":"https:\/\/dscsitesdevelop.com.br\/dedetizadoraportal\/wp-content\/uploads\/2025\/08\/logo-ddt-portal.png","width":286,"height":136},{"@type":"BreadcrumbList","@id":"https:\/\/dscsitesdevelop.com.br\/dedetizadoraportal\/desratizacao\/#breadcrumb","itemListElement":[{"@type":"ListItem","position":1,"name":"Home","item":"https:\/\/dscsitesdevelop.com.br\/dedetizadoraportal\/"},{"@type":"ListItem","position":2,"name":"Desratiza\u00e7\u00e3o"}]},{"@type":"WebSite","@id":"https:\/\/dscsitesdevelop.com.br\/dedetizadoraportal\/#website","url":"https:\/\/dscsitesdevelop.com.br\/dedetizadoraportal\/","name":"Dedetizadora Portal","description":"Colsutoria e Controle de Pragas","potentialAction":[{"@type":"SearchAction","target":{"@type":"EntryPoint","urlTemplate":"https:\/\/dscsitesdevelop.com.br\/dedetizadoraportal\/?s={search_term_string}"},"query-input":{"@type":"PropertyValueSpecification","valueRequired":true,"valueName":"search_term_string"}}],"inLanguage":"pt-BR"}]}},"_links":{"self":[{"href":"https:\/\/dscsitesdevelop.com.br\/dedetizadoraportal\/wp-json\/wp\/v2\/pages\/262","targetHints":{"allow":["GET"]}}],"collection":[{"href":"https:\/\/dscsitesdevelop.com.br\/dedetizadoraportal\/wp-json\/wp\/v2\/pages"}],"about":[{"href":"https:\/\/dscsitesdevelop.com.br\/dedetizadoraportal\/wp-json\/wp\/v2\/types\/page"}],"author":[{"embeddable":true,"href":"https:\/\/dscsitesdevelop.com.br\/dedetizadoraportal\/wp-json\/wp\/v2\/users\/1"}],"replies":[{"embeddable":true,"href":"https:\/\/dscsitesdevelop.com.br\/dedetizadoraportal\/wp-json\/wp\/v2\/comments?post=262"}],"version-history":[{"count":19,"href":"https:\/\/dscsitesdevelop.com.br\/dedetizadoraportal\/wp-json\/wp\/v2\/pages\/262\/revisions"}],"predecessor-version":[{"id":527,"href":"https:\/\/dscsitesdevelop.com.br\/dedetizadoraportal\/wp-json\/wp\/v2\/pages\/262\/revisions\/527"}],"wp:attachment":[{"href":"https:\/\/dscsitesdevelop.com.br\/dedetizadoraportal\/wp-json\/wp\/v2\/media?parent=262"}],"curies":[{"name":"wp","href":"https:\/\/api.w.org\/{rel}","templated":true}]}}