{"id":242,"date":"2025-08-07T17:52:42","date_gmt":"2025-08-07T20:52:42","guid":{"rendered":"https:\/\/dscsitesdevelop.com.br\/dedetizadoraportal\/?page_id=242"},"modified":"2025-08-08T18:06:57","modified_gmt":"2025-08-08T21:06:57","slug":"desinfeccao-de-ambientes","status":"publish","type":"page","link":"https:\/\/dscsitesdevelop.com.br\/dedetizadoraportal\/desinfeccao-de-ambientes\/","title":{"rendered":"Desinfec\u00e7\u00e3o de Ambientes"},"content":{"rendered":"\t\t<div data-elementor-type=\"wp-page\" data-elementor-id=\"242\" class=\"elementor elementor-242\">\n\t\t\t\t\t\t<section class=\"elementor-section elementor-top-section elementor-element elementor-element-65b8feb elementor-section-boxed elementor-section-height-default elementor-section-height-default\" data-id=\"65b8feb\" data-element_type=\"section\" data-settings=\"{&quot;background_background&quot;:&quot;classic&quot;}\">\n\t\t\t\t\t\t\t<div class=\"elementor-background-overlay\"><\/div>\n\t\t\t\t\t\t\t<div class=\"elementor-container elementor-column-gap-default\">\n\t\t\t\t\t<div class=\"elementor-column elementor-col-50 elementor-top-column elementor-element elementor-element-220ae92\" data-id=\"220ae92\" data-element_type=\"column\">\n\t\t\t<div class=\"elementor-widget-wrap elementor-element-populated\">\n\t\t\t\t\t\t<div class=\"elementor-element elementor-element-1108290 elementor-widget elementor-widget-heading\" data-id=\"1108290\" data-element_type=\"widget\" data-widget_type=\"heading.default\">\n\t\t\t\t<div class=\"elementor-widget-container\">\n\t\t\t<h2 class=\"elementor-heading-title elementor-size-default\">Desinfec\u00e7\u00e3o de Ambientes<\/h2>\t\t<\/div>\n\t\t\t\t<\/div>\n\t\t\t\t\t<\/div>\n\t\t<\/div>\n\t\t\t\t<div class=\"elementor-column elementor-col-50 elementor-top-column elementor-element elementor-element-7ba4944\" data-id=\"7ba4944\" data-element_type=\"column\">\n\t\t\t<div class=\"elementor-widget-wrap elementor-element-populated\">\n\t\t\t\t\t\t<div class=\"elementor-element elementor-element-b4fe183 elementor-widget elementor-widget-image\" data-id=\"b4fe183\" data-element_type=\"widget\" data-widget_type=\"image.default\">\n\t\t\t\t<div class=\"elementor-widget-container\">\n\t\t\t\t\t\t\t\t\t\t\t\t\t<img decoding=\"async\" width=\"286\" height=\"136\" src=\"https:\/\/dscsitesdevelop.com.br\/dedetizadoraportal\/wp-content\/uploads\/2025\/08\/logo-ddt-portal.png\" class=\"attachment-full size-full wp-image-38\" alt=\"\" \/>\t\t\t\t\t\t\t\t\t\t\t\t\t<\/div>\n\t\t\t\t<\/div>\n\t\t\t\t\t<\/div>\n\t\t<\/div>\n\t\t\t\t\t<\/div>\n\t\t<\/section>\n\t\t\t\t<section class=\"elementor-section elementor-top-section elementor-element elementor-element-8ee6dd6 elementor-section-boxed elementor-section-height-default elementor-section-height-default\" data-id=\"8ee6dd6\" data-element_type=\"section\">\n\t\t\t\t\t\t<div class=\"elementor-container elementor-column-gap-default\">\n\t\t\t\t\t<div class=\"elementor-column elementor-col-100 elementor-top-column elementor-element elementor-element-1b7ed0e\" data-id=\"1b7ed0e\" data-element_type=\"column\">\n\t\t\t<div class=\"elementor-widget-wrap elementor-element-populated\">\n\t\t\t\t\t\t<div class=\"elementor-element elementor-element-a895905 elementor-widget elementor-widget-text-editor\" data-id=\"a895905\" data-element_type=\"widget\" data-widget_type=\"text-editor.default\">\n\t\t\t\t<div class=\"elementor-widget-container\">\n\t\t\t\t\t\t\t<p>O servi\u00e7o de<b>\u00a0Desinfec\u00e7\u00e3o<\/b>\u00a0\u00e9 um processo f\u00edsico\u00a0ou qu\u00edmico que destr\u00f3i a maioria dos micro-organismos\u00a0patog\u00eanicos de objetos inanimados e superf\u00edcies, chegando\u00a0perto de 98% por contato.<\/p><p>Para esse servi\u00e7o utilizamos o principio ativo QUARTEN\u00c1RIO DE AMONIA de 05\u00aa gera\u00e7\u00e3o. Ele atua por contato no momento da aplica\u00e7\u00e3o, assim a frequ\u00eancia da aplica\u00e7\u00e3o deve ser avaliada pelo t\u00e9cnico de acordo como grau de agentes contaminantes no local.<\/p><p>Esse \u00e9 o mesmo produto recomendado na sanitiza\u00e7\u00e3o e desinfec\u00e7\u00e3o de ambientes e objetos para controle da pandemia.<\/p><p>E por ser a base de \u00e1gua ele\u00a0 n\u00e3o mancha paredes, pisos e vidros.\u00a0<\/p>\t\t\t\t\t\t<\/div>\n\t\t\t\t<\/div>\n\t\t\t\t<section class=\"elementor-section elementor-inner-section elementor-element elementor-element-cf8accf elementor-section-boxed elementor-section-height-default elementor-section-height-default\" data-id=\"cf8accf\" data-element_type=\"section\">\n\t\t\t\t\t\t<div class=\"elementor-container elementor-column-gap-default\">\n\t\t\t\t\t<div class=\"elementor-column elementor-col-50 elementor-inner-column elementor-element elementor-element-51cc16e\" data-id=\"51cc16e\" data-element_type=\"column\">\n\t\t\t<div class=\"elementor-widget-wrap elementor-element-populated\">\n\t\t\t\t\t\t<div class=\"elementor-element elementor-element-24a2de2 elementor-widget elementor-widget-spacer\" data-id=\"24a2de2\" data-element_type=\"widget\" data-widget_type=\"spacer.default\">\n\t\t\t\t<div class=\"elementor-widget-container\">\n\t\t\t\t\t<div class=\"elementor-spacer\">\n\t\t\t<div class=\"elementor-spacer-inner\"><\/div>\n\t\t<\/div>\n\t\t\t\t<\/div>\n\t\t\t\t<\/div>\n\t\t\t\t\t<\/div>\n\t\t<\/div>\n\t\t\t\t<div class=\"elementor-column elementor-col-50 elementor-inner-column elementor-element elementor-element-4301d86\" data-id=\"4301d86\" data-element_type=\"column\">\n\t\t\t<div class=\"elementor-widget-wrap elementor-element-populated\">\n\t\t\t\t\t\t<div class=\"elementor-element elementor-element-f240c7e elementor-widget elementor-widget-spacer\" data-id=\"f240c7e\" data-element_type=\"widget\" data-widget_type=\"spacer.default\">\n\t\t\t\t<div class=\"elementor-widget-container\">\n\t\t\t\t\t<div class=\"elementor-spacer\">\n\t\t\t<div class=\"elementor-spacer-inner\"><\/div>\n\t\t<\/div>\n\t\t\t\t<\/div>\n\t\t\t\t<\/div>\n\t\t\t\t\t<\/div>\n\t\t<\/div>\n\t\t\t\t\t<\/div>\n\t\t<\/section>\n\t\t\t\t\t<\/div>\n\t\t<\/div>\n\t\t\t\t\t<\/div>\n\t\t<\/section>\n\t\t\t\t<section class=\"elementor-section elementor-top-section elementor-element elementor-element-f56a19f elementor-section-boxed elementor-section-height-default elementor-section-height-default\" data-id=\"f56a19f\" data-element_type=\"section\" data-settings=\"{&quot;background_background&quot;:&quot;classic&quot;}\">\n\t\t\t\t\t\t<div class=\"elementor-container elementor-column-gap-default\">\n\t\t\t\t\t<div class=\"elementor-column elementor-col-100 elementor-top-column elementor-element elementor-element-e6061a4\" data-id=\"e6061a4\" data-element_type=\"column\">\n\t\t\t<div class=\"elementor-widget-wrap elementor-element-populated\">\n\t\t\t\t\t\t<div class=\"elementor-element elementor-element-4f7086b elementor-widget elementor-widget-heading\" data-id=\"4f7086b\" data-element_type=\"widget\" data-widget_type=\"heading.default\">\n\t\t\t\t<div class=\"elementor-widget-container\">\n\t\t\t<h2 class=\"elementor-heading-title elementor-size-default\">Desinfec\u00e7\u00e3o de Ambientes e Objetos<\/h2>\t\t<\/div>\n\t\t\t\t<\/div>\n\t\t\t\t<div class=\"elementor-element elementor-element-5b6ba1e elementor-icon-list--layout-traditional elementor-list-item-link-full_width elementor-widget elementor-widget-icon-list\" data-id=\"5b6ba1e\" data-element_type=\"widget\" data-widget_type=\"icon-list.default\">\n\t\t\t\t<div class=\"elementor-widget-container\">\n\t\t\t\t\t<ul class=\"elementor-icon-list-items\">\n\t\t\t\t\t\t\t<li class=\"elementor-icon-list-item\">\n\t\t\t\t\t\t\t\t\t\t\t<span class=\"elementor-icon-list-icon\">\n\t\t\t\t\t\t\t<i aria-hidden=\"true\" class=\"fas fa-check-square\"><\/i>\t\t\t\t\t\t<\/span>\n\t\t\t\t\t\t\t\t\t\t<span class=\"elementor-icon-list-text\">V\u00edrus<\/span>\n\t\t\t\t\t\t\t\t\t<\/li>\n\t\t\t\t\t\t\t\t<li class=\"elementor-icon-list-item\">\n\t\t\t\t\t\t\t\t\t\t\t<span class=\"elementor-icon-list-icon\">\n\t\t\t\t\t\t\t<i aria-hidden=\"true\" class=\"fas fa-check-square\"><\/i>\t\t\t\t\t\t<\/span>\n\t\t\t\t\t\t\t\t\t\t<span class=\"elementor-icon-list-text\">Bact\u00e9rias<\/span>\n\t\t\t\t\t\t\t\t\t<\/li>\n\t\t\t\t\t\t\t\t<li class=\"elementor-icon-list-item\">\n\t\t\t\t\t\t\t\t\t\t\t<span class=\"elementor-icon-list-icon\">\n\t\t\t\t\t\t\t<i aria-hidden=\"true\" class=\"fas fa-check-square\"><\/i>\t\t\t\t\t\t<\/span>\n\t\t\t\t\t\t\t\t\t\t<span class=\"elementor-icon-list-text\">Fungos<\/span>\n\t\t\t\t\t\t\t\t\t<\/li>\n\t\t\t\t\t\t<\/ul>\n\t\t\t\t<\/div>\n\t\t\t\t<\/div>\n\t\t\t\t\t<\/div>\n\t\t<\/div>\n\t\t\t\t\t<\/div>\n\t\t<\/section>\n\t\t\t\t<section class=\"elementor-section elementor-top-section elementor-element elementor-element-f7b2d46 elementor-section-boxed elementor-section-height-default elementor-section-height-default\" data-id=\"f7b2d46\" data-element_type=\"section\">\n\t\t\t\t\t\t<div class=\"elementor-container elementor-column-gap-default\">\n\t\t\t\t\t<div class=\"elementor-column elementor-col-100 elementor-top-column elementor-element elementor-element-be538b6\" data-id=\"be538b6\" data-element_type=\"column\">\n\t\t\t<div class=\"elementor-widget-wrap elementor-element-populated\">\n\t\t\t\t\t\t<div class=\"elementor-element elementor-element-6721185 elementor-widget elementor-widget-heading\" data-id=\"6721185\" data-element_type=\"widget\" data-widget_type=\"heading.default\">\n\t\t\t\t<div class=\"elementor-widget-container\">\n\t\t\t<h2 class=\"elementor-heading-title elementor-size-default\">Entre em Contato<\/h2>\t\t<\/div>\n\t\t\t\t<\/div>\n\t\t\t\t<div class=\"elementor-element elementor-element-f91a89e elementor-button-align-stretch elementor-widget elementor-widget-form\" data-id=\"f91a89e\" data-element_type=\"widget\" data-settings=\"{&quot;step_next_label&quot;:&quot;Next&quot;,&quot;step_previous_label&quot;:&quot;Previous&quot;,&quot;button_width&quot;:&quot;100&quot;,&quot;step_type&quot;:&quot;number_text&quot;,&quot;step_icon_shape&quot;:&quot;circle&quot;}\" data-widget_type=\"form.default\">\n\t\t\t\t<div class=\"elementor-widget-container\">\n\t\t\t\t\t<form class=\"elementor-form\" method=\"post\" name=\"New Form\">\n\t\t\t<input type=\"hidden\" name=\"post_id\" value=\"242\"\/>\n\t\t\t<input type=\"hidden\" name=\"form_id\" value=\"f91a89e\"\/>\n\t\t\t<input type=\"hidden\" name=\"referer_title\" value=\"Dedetizadora Portal\" \/>\n\n\t\t\t\n\t\t\t<div class=\"elementor-form-fields-wrapper elementor-labels-above\">\n\t\t\t\t\t\t\t\t<div class=\"elementor-field-type-text elementor-field-group elementor-column elementor-field-group-1 elementor-col-100 elementor-field-required\">\n\t\t\t\t\t\t\t\t\t\t\t\t\t<input size=\"1\" type=\"text\" name=\"form_fields[1]\" id=\"form-field-1\" class=\"elementor-field elementor-size-sm  elementor-field-textual\" placeholder=\"Nome\" required=\"required\" aria-required=\"true\">\n\t\t\t\t\t\t\t\t\t\t\t<\/div>\n\t\t\t\t\t\t\t\t<div class=\"elementor-field-type-email elementor-field-group elementor-column elementor-field-group-2 elementor-col-50 elementor-field-required\">\n\t\t\t\t\t\t\t\t\t\t\t\t\t<input size=\"1\" type=\"email\" name=\"form_fields[2]\" id=\"form-field-2\" class=\"elementor-field elementor-size-sm  elementor-field-textual\" placeholder=\"E-mail\" required=\"required\" aria-required=\"true\">\n\t\t\t\t\t\t\t\t\t\t\t<\/div>\n\t\t\t\t\t\t\t\t<div class=\"elementor-field-type-tel elementor-field-group elementor-column elementor-field-group-3 elementor-col-50 elementor-field-required\">\n\t\t\t\t\t\t\t<input size=\"1\" type=\"tel\" name=\"form_fields[3]\" id=\"form-field-3\" class=\"elementor-field elementor-size-sm  elementor-field-textual\" placeholder=\"WhatsApp\" required=\"required\" aria-required=\"true\" pattern=\"[0-9()#&amp;+*-=.]+\" title=\"Only numbers and phone characters (#, -, *, etc) are accepted.\">\n\n\t\t\t\t\t\t<\/div>\n\t\t\t\t\t\t\t\t<div class=\"elementor-field-type-textarea elementor-field-group elementor-column elementor-field-group-5 elementor-col-100\">\n\t\t\t\t\t<textarea class=\"elementor-field-textual elementor-field  elementor-size-sm\" name=\"form_fields[5]\" id=\"form-field-5\" rows=\"4\" placeholder=\"Mensagen\"><\/textarea>\t\t\t\t<\/div>\n\t\t\t\t\t\t\t\t<div class=\"elementor-field-group elementor-column elementor-field-type-submit elementor-col-100 e-form__buttons\">\n\t\t\t\t\t<button type=\"submit\" class=\"elementor-button elementor-size-sm\">\n\t\t\t\t\t\t<span >\n\t\t\t\t\t\t\t\t\t\t\t\t\t\t\t<span class=\" elementor-button-icon\">\n\t\t\t\t\t\t\t\t\t\t\t\t\t\t\t\t\t\t\t\t\t\t\t\t\t\t<\/span>\n\t\t\t\t\t\t\t\t\t\t\t\t\t\t\t\t\t\t\t\t\t\t<span class=\"elementor-button-text\">Enviar<\/span>\n\t\t\t\t\t\t\t\t\t\t\t\t\t<\/span>\n\t\t\t\t\t<\/button>\n\t\t\t\t<\/div>\n\t\t\t<\/div>\n\t\t<\/form>\n\t\t\t\t<\/div>\n\t\t\t\t<\/div>\n\t\t\t\t\t<\/div>\n\t\t<\/div>\n\t\t\t\t\t<\/div>\n\t\t<\/section>\n\t\t\t\t<\/div>\n\t\t","protected":false},"excerpt":{"rendered":"<p>Desinfec\u00e7\u00e3o de Ambientes O servi\u00e7o de\u00a0Desinfec\u00e7\u00e3o\u00a0\u00e9 um processo f\u00edsico\u00a0ou qu\u00edmico que destr\u00f3i a maioria dos micro-organismos\u00a0patog\u00eanicos de objetos inanimados e superf\u00edcies, chegando\u00a0perto de 98% por contato. Para esse servi\u00e7o utilizamos o principio ativo QUARTEN\u00c1RIO DE AMONIA de 05\u00aa gera\u00e7\u00e3o. Ele atua por contato no momento da aplica\u00e7\u00e3o, assim a frequ\u00eancia da aplica\u00e7\u00e3o deve ser avaliada [&hellip;]<\/p>\n","protected":false},"author":1,"featured_media":0,"parent":0,"menu_order":0,"comment_status":"closed","ping_status":"closed","template":"","meta":{"_joinchat":[],"footnotes":""},"class_list":["post-242","page","type-page","status-publish","hentry"],"yoast_head":"<!-- This site is optimized with the Yoast SEO plugin v24.0 - https:\/\/yoast.com\/wordpress\/plugins\/seo\/ -->\n<title>Desinfec\u00e7\u00e3o de Ambientes - Dedetizadora Portal<\/title>\n<meta name=\"robots\" content=\"index, follow, max-snippet:-1, max-image-preview:large, max-video-preview:-1\" \/>\n<link rel=\"canonical\" href=\"https:\/\/dscsitesdevelop.com.br\/dedetizadoraportal\/desinfeccao-de-ambientes\/\" \/>\n<meta property=\"og:locale\" content=\"pt_BR\" \/>\n<meta property=\"og:type\" content=\"article\" \/>\n<meta property=\"og:title\" content=\"Desinfec\u00e7\u00e3o de Ambientes - Dedetizadora Portal\" \/>\n<meta property=\"og:description\" content=\"Desinfec\u00e7\u00e3o de Ambientes O servi\u00e7o de\u00a0Desinfec\u00e7\u00e3o\u00a0\u00e9 um processo f\u00edsico\u00a0ou qu\u00edmico que destr\u00f3i a maioria dos micro-organismos\u00a0patog\u00eanicos de objetos inanimados e superf\u00edcies, chegando\u00a0perto de 98% por contato. Para esse servi\u00e7o utilizamos o principio ativo QUARTEN\u00c1RIO DE AMONIA de 05\u00aa gera\u00e7\u00e3o. Ele atua por contato no momento da aplica\u00e7\u00e3o, assim a frequ\u00eancia da aplica\u00e7\u00e3o deve ser avaliada [&hellip;]\" \/>\n<meta property=\"og:url\" content=\"https:\/\/dscsitesdevelop.com.br\/dedetizadoraportal\/desinfeccao-de-ambientes\/\" \/>\n<meta property=\"og:site_name\" content=\"Dedetizadora Portal\" \/>\n<meta property=\"article:modified_time\" content=\"2025-08-08T21:06:57+00:00\" \/>\n<meta property=\"og:image\" content=\"https:\/\/dscsitesdevelop.com.br\/dedetizadoraportal\/wp-content\/uploads\/2025\/08\/logo-ddt-portal.png\" \/>\n\t<meta property=\"og:image:width\" content=\"286\" \/>\n\t<meta property=\"og:image:height\" content=\"136\" \/>\n\t<meta property=\"og:image:type\" content=\"image\/png\" \/>\n<meta name=\"twitter:card\" content=\"summary_large_image\" \/>\n<meta name=\"twitter:label1\" content=\"Est. tempo de leitura\" \/>\n\t<meta name=\"twitter:data1\" content=\"1 minuto\" \/>\n<script type=\"application\/ld+json\" class=\"yoast-schema-graph\">{\"@context\":\"https:\/\/schema.org\",\"@graph\":[{\"@type\":\"WebPage\",\"@id\":\"https:\/\/dscsitesdevelop.com.br\/dedetizadoraportal\/desinfeccao-de-ambientes\/\",\"url\":\"https:\/\/dscsitesdevelop.com.br\/dedetizadoraportal\/desinfeccao-de-ambientes\/\",\"name\":\"Desinfec\u00e7\u00e3o de Ambientes - Dedetizadora Portal\",\"isPartOf\":{\"@id\":\"https:\/\/dscsitesdevelop.com.br\/dedetizadoraportal\/#website\"},\"primaryImageOfPage\":{\"@id\":\"https:\/\/dscsitesdevelop.com.br\/dedetizadoraportal\/desinfeccao-de-ambientes\/#primaryimage\"},\"image\":{\"@id\":\"https:\/\/dscsitesdevelop.com.br\/dedetizadoraportal\/desinfeccao-de-ambientes\/#primaryimage\"},\"thumbnailUrl\":\"https:\/\/dscsitesdevelop.com.br\/dedetizadoraportal\/wp-content\/uploads\/2025\/08\/logo-ddt-portal.png\",\"datePublished\":\"2025-08-07T20:52:42+00:00\",\"dateModified\":\"2025-08-08T21:06:57+00:00\",\"breadcrumb\":{\"@id\":\"https:\/\/dscsitesdevelop.com.br\/dedetizadoraportal\/desinfeccao-de-ambientes\/#breadcrumb\"},\"inLanguage\":\"pt-BR\",\"potentialAction\":[{\"@type\":\"ReadAction\",\"target\":[\"https:\/\/dscsitesdevelop.com.br\/dedetizadoraportal\/desinfeccao-de-ambientes\/\"]}]},{\"@type\":\"ImageObject\",\"inLanguage\":\"pt-BR\",\"@id\":\"https:\/\/dscsitesdevelop.com.br\/dedetizadoraportal\/desinfeccao-de-ambientes\/#primaryimage\",\"url\":\"https:\/\/dscsitesdevelop.com.br\/dedetizadoraportal\/wp-content\/uploads\/2025\/08\/logo-ddt-portal.png\",\"contentUrl\":\"https:\/\/dscsitesdevelop.com.br\/dedetizadoraportal\/wp-content\/uploads\/2025\/08\/logo-ddt-portal.png\",\"width\":286,\"height\":136},{\"@type\":\"BreadcrumbList\",\"@id\":\"https:\/\/dscsitesdevelop.com.br\/dedetizadoraportal\/desinfeccao-de-ambientes\/#breadcrumb\",\"itemListElement\":[{\"@type\":\"ListItem\",\"position\":1,\"name\":\"Home\",\"item\":\"https:\/\/dscsitesdevelop.com.br\/dedetizadoraportal\/\"},{\"@type\":\"ListItem\",\"position\":2,\"name\":\"Desinfec\u00e7\u00e3o de Ambientes\"}]},{\"@type\":\"WebSite\",\"@id\":\"https:\/\/dscsitesdevelop.com.br\/dedetizadoraportal\/#website\",\"url\":\"https:\/\/dscsitesdevelop.com.br\/dedetizadoraportal\/\",\"name\":\"Dedetizadora Portal\",\"description\":\"Colsutoria e Controle de Pragas\",\"potentialAction\":[{\"@type\":\"SearchAction\",\"target\":{\"@type\":\"EntryPoint\",\"urlTemplate\":\"https:\/\/dscsitesdevelop.com.br\/dedetizadoraportal\/?s={search_term_string}\"},\"query-input\":{\"@type\":\"PropertyValueSpecification\",\"valueRequired\":true,\"valueName\":\"search_term_string\"}}],\"inLanguage\":\"pt-BR\"}]}<\/script>\n<!-- \/ Yoast SEO plugin. -->","yoast_head_json":{"title":"Desinfec\u00e7\u00e3o de Ambientes - Dedetizadora Portal","robots":{"index":"index","follow":"follow","max-snippet":"max-snippet:-1","max-image-preview":"max-image-preview:large","max-video-preview":"max-video-preview:-1"},"canonical":"https:\/\/dscsitesdevelop.com.br\/dedetizadoraportal\/desinfeccao-de-ambientes\/","og_locale":"pt_BR","og_type":"article","og_title":"Desinfec\u00e7\u00e3o de Ambientes - Dedetizadora Portal","og_description":"Desinfec\u00e7\u00e3o de Ambientes O servi\u00e7o de\u00a0Desinfec\u00e7\u00e3o\u00a0\u00e9 um processo f\u00edsico\u00a0ou qu\u00edmico que destr\u00f3i a maioria dos micro-organismos\u00a0patog\u00eanicos de objetos inanimados e superf\u00edcies, chegando\u00a0perto de 98% por contato. Para esse servi\u00e7o utilizamos o principio ativo QUARTEN\u00c1RIO DE AMONIA de 05\u00aa gera\u00e7\u00e3o. Ele atua por contato no momento da aplica\u00e7\u00e3o, assim a frequ\u00eancia da aplica\u00e7\u00e3o deve ser avaliada [&hellip;]","og_url":"https:\/\/dscsitesdevelop.com.br\/dedetizadoraportal\/desinfeccao-de-ambientes\/","og_site_name":"Dedetizadora Portal","article_modified_time":"2025-08-08T21:06:57+00:00","og_image":[{"width":286,"height":136,"url":"https:\/\/dscsitesdevelop.com.br\/dedetizadoraportal\/wp-content\/uploads\/2025\/08\/logo-ddt-portal.png","type":"image\/png"}],"twitter_card":"summary_large_image","twitter_misc":{"Est. tempo de leitura":"1 minuto"},"schema":{"@context":"https:\/\/schema.org","@graph":[{"@type":"WebPage","@id":"https:\/\/dscsitesdevelop.com.br\/dedetizadoraportal\/desinfeccao-de-ambientes\/","url":"https:\/\/dscsitesdevelop.com.br\/dedetizadoraportal\/desinfeccao-de-ambientes\/","name":"Desinfec\u00e7\u00e3o de Ambientes - Dedetizadora Portal","isPartOf":{"@id":"https:\/\/dscsitesdevelop.com.br\/dedetizadoraportal\/#website"},"primaryImageOfPage":{"@id":"https:\/\/dscsitesdevelop.com.br\/dedetizadoraportal\/desinfeccao-de-ambientes\/#primaryimage"},"image":{"@id":"https:\/\/dscsitesdevelop.com.br\/dedetizadoraportal\/desinfeccao-de-ambientes\/#primaryimage"},"thumbnailUrl":"https:\/\/dscsitesdevelop.com.br\/dedetizadoraportal\/wp-content\/uploads\/2025\/08\/logo-ddt-portal.png","datePublished":"2025-08-07T20:52:42+00:00","dateModified":"2025-08-08T21:06:57+00:00","breadcrumb":{"@id":"https:\/\/dscsitesdevelop.com.br\/dedetizadoraportal\/desinfeccao-de-ambientes\/#breadcrumb"},"inLanguage":"pt-BR","potentialAction":[{"@type":"ReadAction","target":["https:\/\/dscsitesdevelop.com.br\/dedetizadoraportal\/desinfeccao-de-ambientes\/"]}]},{"@type":"ImageObject","inLanguage":"pt-BR","@id":"https:\/\/dscsitesdevelop.com.br\/dedetizadoraportal\/desinfeccao-de-ambientes\/#primaryimage","url":"https:\/\/dscsitesdevelop.com.br\/dedetizadoraportal\/wp-content\/uploads\/2025\/08\/logo-ddt-portal.png","contentUrl":"https:\/\/dscsitesdevelop.com.br\/dedetizadoraportal\/wp-content\/uploads\/2025\/08\/logo-ddt-portal.png","width":286,"height":136},{"@type":"BreadcrumbList","@id":"https:\/\/dscsitesdevelop.com.br\/dedetizadoraportal\/desinfeccao-de-ambientes\/#breadcrumb","itemListElement":[{"@type":"ListItem","position":1,"name":"Home","item":"https:\/\/dscsitesdevelop.com.br\/dedetizadoraportal\/"},{"@type":"ListItem","position":2,"name":"Desinfec\u00e7\u00e3o de Ambientes"}]},{"@type":"WebSite","@id":"https:\/\/dscsitesdevelop.com.br\/dedetizadoraportal\/#website","url":"https:\/\/dscsitesdevelop.com.br\/dedetizadoraportal\/","name":"Dedetizadora Portal","description":"Colsutoria e Controle de Pragas","potentialAction":[{"@type":"SearchAction","target":{"@type":"EntryPoint","urlTemplate":"https:\/\/dscsitesdevelop.com.br\/dedetizadoraportal\/?s={search_term_string}"},"query-input":{"@type":"PropertyValueSpecification","valueRequired":true,"valueName":"search_term_string"}}],"inLanguage":"pt-BR"}]}},"_links":{"self":[{"href":"https:\/\/dscsitesdevelop.com.br\/dedetizadoraportal\/wp-json\/wp\/v2\/pages\/242","targetHints":{"allow":["GET"]}}],"collection":[{"href":"https:\/\/dscsitesdevelop.com.br\/dedetizadoraportal\/wp-json\/wp\/v2\/pages"}],"about":[{"href":"https:\/\/dscsitesdevelop.com.br\/dedetizadoraportal\/wp-json\/wp\/v2\/types\/page"}],"author":[{"embeddable":true,"href":"https:\/\/dscsitesdevelop.com.br\/dedetizadoraportal\/wp-json\/wp\/v2\/users\/1"}],"replies":[{"embeddable":true,"href":"https:\/\/dscsitesdevelop.com.br\/dedetizadoraportal\/wp-json\/wp\/v2\/comments?post=242"}],"version-history":[{"count":23,"href":"https:\/\/dscsitesdevelop.com.br\/dedetizadoraportal\/wp-json\/wp\/v2\/pages\/242\/revisions"}],"predecessor-version":[{"id":518,"href":"https:\/\/dscsitesdevelop.com.br\/dedetizadoraportal\/wp-json\/wp\/v2\/pages\/242\/revisions\/518"}],"wp:attachment":[{"href":"https:\/\/dscsitesdevelop.com.br\/dedetizadoraportal\/wp-json\/wp\/v2\/media?parent=242"}],"curies":[{"name":"wp","href":"https:\/\/api.w.org\/{rel}","templated":true}]}}